{"id":3393,"date":"2025-02-16T22:41:29","date_gmt":"2025-02-16T22:41:29","guid":{"rendered":"https:\/\/timescork.com\/?post_type=product&#038;p=3393"},"modified":"2025-02-17T14:47:53","modified_gmt":"2025-02-17T14:47:53","slug":"rolhas-tecnicas","status":"publish","type":"product","link":"https:\/\/timescork.com\/fr\/produit\/bouchons-techniques\/","title":{"rendered":"Durabilit\u00e9. Performance."},"content":{"rendered":"<div id=\"rolhasnaturaisprime\" data-vc-full-width=\"true\" data-vc-full-width-init=\"false\" class=\"vc_row wpb_row vc_row-fluid vc_custom_1634912232611 vc_row-has-fill\"><div class=\"wpb_column vc_column_container vc_col-sm-6\"><div class=\"vc_column-inner\"><div class=\"wpb_wrapper\">\n\t<div class=\"title-subtitle-box\" style=\" text-align: left;\">\n\t\t<p style=\"\">1+1 BOUCHONS TECHNIQUES<\/p>\n\t\t<h1 style=\" font-style: normal;\">La tradition. Technologie pour un bouchage stable.<\/h1>\n\t<\/div> \n\t<div class=\"wpb_text_column wpb_content_element  vc_custom_1739758354508\">\n\t\t<div class=\"wpb_wrapper\">\n\t\t\t<p>Les bouchons techniques 1+1 sont une solution qui allie l'authenticit\u00e9 du li\u00e8ge naturel \u00e0 l'efficacit\u00e9 de son corps en li\u00e8ge agglom\u00e9r\u00e9 ou micro-agglom\u00e9r\u00e9.<\/p>\n<p>Con\u00e7us pour garantir une \u00e9tanch\u00e9it\u00e9 fiable et un contr\u00f4le de la micro-oxyg\u00e9nation, les bouchons 1+1 conviennent \u00e0 diff\u00e9rents types de vin, pr\u00e9servant la qualit\u00e9 et l'\u00e9volution \u00e9quilibr\u00e9e du produit mis en bouteille.<\/p>\n<p style=\"margin-top: 50px;\">Voir les donn\u00e9es techniques \"<\/p>\n\n\t\t<\/div>\n\t<\/div>\n<\/div><\/div><\/div><div class=\"wpb_column vc_column_container vc_col-sm-6\"><div class=\"vc_column-inner\"><div class=\"wpb_wrapper\">\n\t<div class=\"wpb_single_image wpb_content_element vc_align_left  vc_custom_1739746689513\">\n\t\t\n\t\t<figure class=\"wpb_wrapper vc_figure\">\n\t\t\t<div class=\"vc_single_image-wrapper   vc_box_border_grey\"><img loading=\"lazy\" decoding=\"async\" width=\"1200\" height=\"799\" src=\"https:\/\/timescork.com\/wp-content\/uploads\/timescork-rolhastecnicas-1-mais-1.png\" class=\"vc_single_image-img attachment-full\" alt=\"\" srcset=\"https:\/\/timescork.com\/wp-content\/uploads\/timescork-rolhastecnicas-1-mais-1.png 1200w, https:\/\/timescork.com\/wp-content\/uploads\/timescork-rolhastecnicas-1-mais-1-300x200.png 300w, https:\/\/timescork.com\/wp-content\/uploads\/timescork-rolhastecnicas-1-mais-1-1024x682.png 1024w, https:\/\/timescork.com\/wp-content\/uploads\/timescork-rolhastecnicas-1-mais-1-768x511.png 768w\" sizes=\"auto, (max-width: 1200px) 100vw, 1200px\"><\/div>\n\t\t<\/figure>\n\t<\/div>\n<\/div><\/div><\/div><\/div><div class=\"vc_row-full-width vc_clearfix\"><\/div><div class=\"vc_row wpb_row vc_row-fluid vc_custom_1634912365226\"><div class=\"wpb_column vc_column_container vc_col-sm-6\"><div class=\"vc_column-inner\"><div class=\"wpb_wrapper\">\n\t<div class=\"wpb_single_image wpb_content_element vc_align_left  vc_custom_1739746774416\">\n\t\t\n\t\t<figure class=\"wpb_wrapper vc_figure\">\n\t\t\t<div class=\"vc_single_image-wrapper   vc_box_border_grey\"><img loading=\"lazy\" decoding=\"async\" width=\"1024\" height=\"683\" src=\"https:\/\/timescork.com\/wp-content\/uploads\/timescork-rolhas-aglomeradas.png\" class=\"vc_single_image-img attachment-full\" alt=\"\" srcset=\"https:\/\/timescork.com\/wp-content\/uploads\/timescork-rolhas-aglomeradas.png 1024w, https:\/\/timescork.com\/wp-content\/uploads\/timescork-rolhas-aglomeradas-300x200.png 300w\" sizes=\"auto, (max-width: 1024px) 100vw, 1024px\"><\/div>\n\t\t<\/figure>\n\t<\/div>\n<div class=\"vc_empty_space\" style=\"height: 96px\"><span class=\"vc_empty_space_inner\"><\/span><\/div><\/div><\/div><\/div><div class=\"wpb_column vc_column_container vc_col-sm-6\"><div class=\"vc_column-inner\"><div class=\"wpb_wrapper\">\n\t<div class=\"title-subtitle-box\" style=\" text-align: left;\">\n\t\t<p style=\"\">BOUCHONS AGGLOM\u00c9R\u00c9S<\/p>\n\t\t<h1 style=\" font-style: normal;\">Homog\u00e9n\u00e9it\u00e9. L'avantage concurrentiel.<\/h1>\n\t<\/div> \n\t<div class=\"wpb_text_column wpb_content_element\">\n\t\t<div class=\"wpb_wrapper\">\n\t\t\t<p>Les bouchons agglom\u00e9r\u00e9s constituent une solution polyvalente et abordable pour la mise en bouteille des vins \u00e0 rotation rapide. Ils garantissent une \u00e9tanch\u00e9it\u00e9 efficace et de bonnes performances pour les vins \u00e0 consommation rapide et d'autres produits alimentaires tels que l'huile d'olive.<\/p>\n<p style=\"margin-top: 50px;\">Voir les donn\u00e9es techniques \"<\/p>\n\n\t\t<\/div>\n\t<\/div>\n<\/div><\/div><\/div><\/div>","protected":false},"excerpt":{"rendered":"<p>Les bouchons microagglom\u00e9r\u00e9s sont d\u00e9j\u00e0 le choix de nombreux viticulteurs pour la mise en bouteille des vins des gammes les plus diverses. Fabriqu\u00e9s \u00e0 partir de particules s\u00e9lectionn\u00e9es de li\u00e8ge naturel, ils allient technologie de pointe et tradition pour offrir une \u00e9tanch\u00e9it\u00e9 fiable et s\u00fbre.<\/p>\n<p>Ils constituent la solution id\u00e9ale pour ceux qui recherchent un scellage efficace, un contr\u00f4le sensoriel et une sustentabilite lors de l'embouteillage de leurs vins, spiritueux et autres boissons.<\/p>","protected":false},"featured_media":3209,"comment_status":"closed","ping_status":"closed","template":"","meta":{"_monsterinsights_skip_tracking":false,"_monsterinsights_sitenote_active":false,"_monsterinsights_sitenote_note":"","_monsterinsights_sitenote_category":0},"class_list":["post-3393","product","type-product","status-publish","has-post-thumbnail","hentry","product_cat-rolhas-tecnicas"],"yoast_head":"<!-- This site is optimized with the Yoast SEO plugin v24.3 - https:\/\/yoast.com\/wordpress\/plugins\/seo\/ -->\n<title>Sustentabilidade. Performance. - Timescork<\/title>\n<meta name=\"robots\" content=\"index, follow, max-snippet:-1, max-image-preview:large, max-video-preview:-1\" \/>\n<link rel=\"canonical\" href=\"https:\/\/timescork.com\/fr\/produit\/bouchons-techniques\/\" \/>\n<meta property=\"og:locale\" content=\"fr_FR\" \/>\n<meta property=\"og:type\" content=\"article\" \/>\n<meta property=\"og:title\" content=\"Sustentabilidade. Performance. - Timescork\" \/>\n<meta property=\"og:description\" content=\"As rolhas microaglomeradas s\u00e3o j\u00e1 a escolha de muitos en\u00f3logos para o engarrafamento de vinhos das mais diversas gamas. Fabricadas a partir de part\u00edculas selecionadas de corti\u00e7a natural, elas combinam tecnologia avan\u00e7ada e tradi\u00e7\u00e3o para oferecer uma veda\u00e7\u00e3o confi\u00e1vel e segura.  S\u00e3o a solu\u00e7\u00e3o ideal para quem procura uma veda\u00e7\u00e3o eficiente, controlo sensorial e sustentabilidade no engarrafamento dos seus vinhos, destilados e outras bebidas.\" \/>\n<meta property=\"og:url\" content=\"https:\/\/timescork.com\/fr\/produit\/bouchons-techniques\/\" \/>\n<meta property=\"og:site_name\" content=\"Timescork\" \/>\n<meta property=\"article:publisher\" content=\"https:\/\/www.facebook.com\/timescork\" \/>\n<meta property=\"article:modified_time\" content=\"2025-02-17T14:47:53+00:00\" \/>\n<meta property=\"og:image\" content=\"https:\/\/timescork.com\/wp-content\/uploads\/timescork-rolhas-micro-aglomeradas-1.png\" \/>\n\t<meta property=\"og:image:width\" content=\"1200\" \/>\n\t<meta property=\"og:image:height\" content=\"800\" \/>\n\t<meta property=\"og:image:type\" content=\"image\/png\" \/>\n<meta name=\"twitter:card\" content=\"summary_large_image\" \/>\n<script type=\"application\/ld+json\" class=\"yoast-schema-graph\">{\"@context\":\"https:\/\/schema.org\",\"@graph\":[{\"@type\":\"WebPage\",\"@id\":\"https:\/\/timescork.com\/produto\/rolhas-tecnicas\/\",\"url\":\"https:\/\/timescork.com\/produto\/rolhas-tecnicas\/\",\"name\":\"Sustentabilidade. Performance. - Timescork\",\"isPartOf\":{\"@id\":\"https:\/\/timescork.com\/#website\"},\"primaryImageOfPage\":{\"@id\":\"https:\/\/timescork.com\/produto\/rolhas-tecnicas\/#primaryimage\"},\"image\":{\"@id\":\"https:\/\/timescork.com\/produto\/rolhas-tecnicas\/#primaryimage\"},\"thumbnailUrl\":\"https:\/\/timescork.com\/wp-content\/uploads\/timescork-rolhas-micro-aglomeradas-1.png\",\"datePublished\":\"2025-02-16T22:41:29+00:00\",\"dateModified\":\"2025-02-17T14:47:53+00:00\",\"breadcrumb\":{\"@id\":\"https:\/\/timescork.com\/produto\/rolhas-tecnicas\/#breadcrumb\"},\"inLanguage\":\"fr-FR\",\"potentialAction\":[{\"@type\":\"ReadAction\",\"target\":[\"https:\/\/timescork.com\/produto\/rolhas-tecnicas\/\"]}]},{\"@type\":\"ImageObject\",\"inLanguage\":\"fr-FR\",\"@id\":\"https:\/\/timescork.com\/produto\/rolhas-tecnicas\/#primaryimage\",\"url\":\"https:\/\/timescork.com\/wp-content\/uploads\/timescork-rolhas-micro-aglomeradas-1.png\",\"contentUrl\":\"https:\/\/timescork.com\/wp-content\/uploads\/timescork-rolhas-micro-aglomeradas-1.png\",\"width\":1200,\"height\":800},{\"@type\":\"BreadcrumbList\",\"@id\":\"https:\/\/timescork.com\/produto\/rolhas-tecnicas\/#breadcrumb\",\"itemListElement\":[{\"@type\":\"ListItem\",\"position\":1,\"name\":\"In\u00edcio\",\"item\":\"https:\/\/timescork.com\/\"},{\"@type\":\"ListItem\",\"position\":2,\"name\":\"As nossas Rolhas\",\"item\":\"https:\/\/timescork.com\/?page_id=187\"},{\"@type\":\"ListItem\",\"position\":3,\"name\":\"Sustentabilidade. Performance.\"}]},{\"@type\":\"WebSite\",\"@id\":\"https:\/\/timescork.com\/#website\",\"url\":\"https:\/\/timescork.com\/\",\"name\":\"Timescork\",\"description\":\"\",\"publisher\":{\"@id\":\"https:\/\/timescork.com\/#organization\"},\"potentialAction\":[{\"@type\":\"SearchAction\",\"target\":{\"@type\":\"EntryPoint\",\"urlTemplate\":\"https:\/\/timescork.com\/?s={search_term_string}\"},\"query-input\":{\"@type\":\"PropertyValueSpecification\",\"valueRequired\":true,\"valueName\":\"search_term_string\"}}],\"inLanguage\":\"fr-FR\"},{\"@type\":\"Organization\",\"@id\":\"https:\/\/timescork.com\/#organization\",\"name\":\"Timescork - Rolhas & C\u00e1psulas, Lda\",\"url\":\"https:\/\/timescork.com\/\",\"logo\":{\"@type\":\"ImageObject\",\"inLanguage\":\"fr-FR\",\"@id\":\"https:\/\/timescork.com\/#\/schema\/logo\/image\/\",\"url\":\"https:\/\/timescork.com\/wp-content\/uploads\/logotipo-timescork-original-200x50px.png\",\"contentUrl\":\"https:\/\/timescork.com\/wp-content\/uploads\/logotipo-timescork-original-200x50px.png\",\"width\":200,\"height\":50,\"caption\":\"Timescork - Rolhas & C\u00e1psulas, Lda\"},\"image\":{\"@id\":\"https:\/\/timescork.com\/#\/schema\/logo\/image\/\"},\"sameAs\":[\"https:\/\/www.facebook.com\/timescork\",\"https:\/\/www.instagram.com\/timescork.official\",\"https:\/\/www.linkedin.com\/in\/timescork-rolhas-e-c\u00e1psulas-1b1016220\"]}]}<\/script>\n<!-- \/ Yoast SEO plugin. -->","yoast_head_json":{"title":"Sustentabilidade. Performance. - Timescork","robots":{"index":"index","follow":"follow","max-snippet":"max-snippet:-1","max-image-preview":"max-image-preview:large","max-video-preview":"max-video-preview:-1"},"canonical":"https:\/\/timescork.com\/fr\/produit\/bouchons-techniques\/","og_locale":"fr_FR","og_type":"article","og_title":"Sustentabilidade. Performance. - Timescork","og_description":"As rolhas microaglomeradas s\u00e3o j\u00e1 a escolha de muitos en\u00f3logos para o engarrafamento de vinhos das mais diversas gamas. Fabricadas a partir de part\u00edculas selecionadas de corti\u00e7a natural, elas combinam tecnologia avan\u00e7ada e tradi\u00e7\u00e3o para oferecer uma veda\u00e7\u00e3o confi\u00e1vel e segura.  S\u00e3o a solu\u00e7\u00e3o ideal para quem procura uma veda\u00e7\u00e3o eficiente, controlo sensorial e sustentabilidade no engarrafamento dos seus vinhos, destilados e outras bebidas.","og_url":"https:\/\/timescork.com\/fr\/produit\/bouchons-techniques\/","og_site_name":"Timescork","article_publisher":"https:\/\/www.facebook.com\/timescork","article_modified_time":"2025-02-17T14:47:53+00:00","og_image":[{"width":1200,"height":800,"url":"https:\/\/timescork.com\/wp-content\/uploads\/timescork-rolhas-micro-aglomeradas-1.png","type":"image\/png"}],"twitter_card":"summary_large_image","schema":{"@context":"https:\/\/schema.org","@graph":[{"@type":"WebPage","@id":"https:\/\/timescork.com\/produto\/rolhas-tecnicas\/","url":"https:\/\/timescork.com\/produto\/rolhas-tecnicas\/","name":"Sustentabilidade. Performance. - Timescork","isPartOf":{"@id":"https:\/\/timescork.com\/#website"},"primaryImageOfPage":{"@id":"https:\/\/timescork.com\/produto\/rolhas-tecnicas\/#primaryimage"},"image":{"@id":"https:\/\/timescork.com\/produto\/rolhas-tecnicas\/#primaryimage"},"thumbnailUrl":"https:\/\/timescork.com\/wp-content\/uploads\/timescork-rolhas-micro-aglomeradas-1.png","datePublished":"2025-02-16T22:41:29+00:00","dateModified":"2025-02-17T14:47:53+00:00","breadcrumb":{"@id":"https:\/\/timescork.com\/produto\/rolhas-tecnicas\/#breadcrumb"},"inLanguage":"fr-FR","potentialAction":[{"@type":"ReadAction","target":["https:\/\/timescork.com\/produto\/rolhas-tecnicas\/"]}]},{"@type":"ImageObject","inLanguage":"fr-FR","@id":"https:\/\/timescork.com\/produto\/rolhas-tecnicas\/#primaryimage","url":"https:\/\/timescork.com\/wp-content\/uploads\/timescork-rolhas-micro-aglomeradas-1.png","contentUrl":"https:\/\/timescork.com\/wp-content\/uploads\/timescork-rolhas-micro-aglomeradas-1.png","width":1200,"height":800},{"@type":"BreadcrumbList","@id":"https:\/\/timescork.com\/produto\/rolhas-tecnicas\/#breadcrumb","itemListElement":[{"@type":"ListItem","position":1,"name":"In\u00edcio","item":"https:\/\/timescork.com\/"},{"@type":"ListItem","position":2,"name":"As nossas Rolhas","item":"https:\/\/timescork.com\/?page_id=187"},{"@type":"ListItem","position":3,"name":"Sustentabilidade. Performance."}]},{"@type":"WebSite","@id":"https:\/\/timescork.com\/#website","url":"https:\/\/timescork.com\/","name":"Timescork","description":"","publisher":{"@id":"https:\/\/timescork.com\/#organization"},"potentialAction":[{"@type":"SearchAction","target":{"@type":"EntryPoint","urlTemplate":"https:\/\/timescork.com\/?s={search_term_string}"},"query-input":{"@type":"PropertyValueSpecification","valueRequired":true,"valueName":"search_term_string"}}],"inLanguage":"fr-FR"},{"@type":"Organization","@id":"https:\/\/timescork.com\/#organization","name":"Timescork - Rolhas & C\u00e1psulas, Lda","url":"https:\/\/timescork.com\/","logo":{"@type":"ImageObject","inLanguage":"fr-FR","@id":"https:\/\/timescork.com\/#\/schema\/logo\/image\/","url":"https:\/\/timescork.com\/wp-content\/uploads\/logotipo-timescork-original-200x50px.png","contentUrl":"https:\/\/timescork.com\/wp-content\/uploads\/logotipo-timescork-original-200x50px.png","width":200,"height":50,"caption":"Timescork - Rolhas & C\u00e1psulas, Lda"},"image":{"@id":"https:\/\/timescork.com\/#\/schema\/logo\/image\/"},"sameAs":["https:\/\/www.facebook.com\/timescork","https:\/\/www.instagram.com\/timescork.official","https:\/\/www.linkedin.com\/in\/timescork-rolhas-e-c\u00e1psulas-1b1016220"]}]}},"_links":{"self":[{"href":"https:\/\/timescork.com\/fr\/wp-json\/wp\/v2\/product\/3393","targetHints":{"allow":["GET"]}}],"collection":[{"href":"https:\/\/timescork.com\/fr\/wp-json\/wp\/v2\/product"}],"about":[{"href":"https:\/\/timescork.com\/fr\/wp-json\/wp\/v2\/types\/product"}],"replies":[{"embeddable":true,"href":"https:\/\/timescork.com\/fr\/wp-json\/wp\/v2\/comments?post=3393"}],"wp:featuredmedia":[{"embeddable":true,"href":"https:\/\/timescork.com\/fr\/wp-json\/wp\/v2\/media\/3209"}],"wp:attachment":[{"href":"https:\/\/timescork.com\/fr\/wp-json\/wp\/v2\/media?parent=3393"}],"curies":[{"name":"wp","href":"https:\/\/api.w.org\/{rel}","templated":true}]}}