{"id":2799,"date":"2021-10-20T14:53:08","date_gmt":"2021-10-20T13:53:08","guid":{"rendered":"https:\/\/timescork.com\/?post_type=product&#038;p=2799"},"modified":"2025-02-28T14:56:04","modified_gmt":"2025-02-28T14:56:04","slug":"rolhas-conicas","status":"publish","type":"product","link":"https:\/\/timescork.com\/fr\/produit\/bouchons-coniques\/","title":{"rendered":"Polyvalence. Innovation."},"content":{"rendered":"<div id=\"rolhasdecorticaconicas\" data-vc-full-width=\"true\" data-vc-full-width-init=\"false\" class=\"vc_row wpb_row vc_row-fluid vc_custom_1634916009758 vc_row-has-fill\"><div class=\"wpb_column vc_column_container vc_col-sm-6\"><div class=\"vc_column-inner\"><div class=\"wpb_wrapper\">\n\t<div class=\"title-subtitle-box\" style=\" text-align: left;\">\n\t\t<h1 style=\" font-style: normal;\">Bouchons Coniques<\/h1>\n\t<\/div> \n\t<div class=\"wpb_text_column wpb_content_element  vc_custom_1740751421190\">\n\t\t<div class=\"wpb_wrapper\">\n\t\t\t<p>Fabriqu\u00e9s en li\u00e8ge naturel, en li\u00e8ge naturel colmat\u00e9 ou en li\u00e8ge agglom\u00e9r\u00e9, les bouchons coniques ont des dimensions personnalis\u00e9es et sont parfaitement adapt\u00e9s aux besoins sp\u00e9cifiques de chaque produit.<\/p>\n<p>Chez Timescork, nous analysons toutes les propositions et fournissons le soutien technique n\u00e9cessaire \u00e0 la r\u00e9alisation de votre id\u00e9e.<\/p>\n<p style=\"margin-top: 50px;\"><a class=\"b-ficatecnica\" href=\"#\" data-umami-event=\"link:Ver Ficha T\u00e9cnica \u00bb\">Voir les donn\u00e9es techniques \"<\/a><\/p>\n\n\t\t<\/div>\n\t<\/div>\n<\/div><\/div><\/div><div class=\"wpb_column vc_column_container vc_col-sm-6\"><div class=\"vc_column-inner\"><div class=\"wpb_wrapper\">\n\t<div class=\"wpb_single_image wpb_content_element vc_align_left  vc_custom_1648040727388\">\n\t\t\n\t\t<figure class=\"wpb_wrapper vc_figure\">\n\t\t\t<div class=\"vc_single_image-wrapper   vc_box_border_grey\"><img loading=\"lazy\" decoding=\"async\" width=\"1005\" height=\"782\" src=\"https:\/\/timescork.com\/wp-content\/uploads\/IMG_6856_ccexpress-peq2.png\" class=\"vc_single_image-img attachment-full\" alt=\"\" srcset=\"https:\/\/timescork.com\/wp-content\/uploads\/IMG_6856_ccexpress-peq2.png 1005w, https:\/\/timescork.com\/wp-content\/uploads\/IMG_6856_ccexpress-peq2-300x233.png 300w, https:\/\/timescork.com\/wp-content\/uploads\/IMG_6856_ccexpress-peq2-768x598.png 768w\" sizes=\"auto, (max-width: 1005px) 100vw, 1005px\"><\/div>\n\t\t<\/figure>\n\t<\/div>\n<\/div><\/div><\/div><\/div><div class=\"vc_row-full-width vc_clearfix\"><\/div>","protected":false},"excerpt":{"rendered":"<p>Les bouchons coniques sont des bouchons sp\u00e9ciaux en raison de leur forme, de leur vari\u00e9t\u00e9 de tailles et de leur utilisation.<\/p>\n<p>Ils aboutissent \u00e0 la solution la plus \u00e9cologique, la plus durable et la plus \u00e9l\u00e9gante pour sceller les liqueurs artisanales, divers produits alimentaires tels que le miel, et les articles cosm\u00e9tiques et d\u00e9coratifs tels que les sels de bain.<\/p>","protected":false},"featured_media":3196,"comment_status":"closed","ping_status":"closed","template":"","meta":{"_monsterinsights_skip_tracking":false,"_monsterinsights_sitenote_active":false,"_monsterinsights_sitenote_note":"","_monsterinsights_sitenote_category":0},"class_list":["post-2799","product","type-product","status-publish","has-post-thumbnail","hentry","product_cat-rolhas-conicas"],"yoast_head":"<!-- This site is optimized with the Yoast SEO plugin v24.3 - https:\/\/yoast.com\/wordpress\/plugins\/seo\/ -->\n<title>Versatilidade. Inova\u00e7\u00e3o. - Timescork<\/title>\n<meta name=\"robots\" content=\"index, follow, max-snippet:-1, max-image-preview:large, max-video-preview:-1\" \/>\n<link rel=\"canonical\" href=\"https:\/\/timescork.com\/fr\/produit\/bouchons-coniques\/\" \/>\n<meta property=\"og:locale\" content=\"fr_FR\" \/>\n<meta property=\"og:type\" content=\"article\" \/>\n<meta property=\"og:title\" content=\"Versatilidade. Inova\u00e7\u00e3o. - Timescork\" \/>\n<meta property=\"og:description\" content=\"As rolhas c\u00f3nicas s\u00e3o rolhas especiais pelo seu formato, variedade de dimens\u00f5es e finalidades.  Culminam na solu\u00e7\u00e3o mais ecol\u00f3gica, sustent\u00e1vel e elegante para a veda\u00e7\u00e3o de licores artesanais, diversos produtos alimentares como o mel, e artigos de cosm\u00e9tica e decora\u00e7\u00e3o, como \u00e9 o caso dos sais de banho.\" \/>\n<meta property=\"og:url\" content=\"https:\/\/timescork.com\/fr\/produit\/bouchons-coniques\/\" \/>\n<meta property=\"og:site_name\" content=\"Timescork\" \/>\n<meta property=\"article:publisher\" content=\"https:\/\/www.facebook.com\/timescork\" \/>\n<meta property=\"article:modified_time\" content=\"2025-02-28T14:56:04+00:00\" \/>\n<meta property=\"og:image\" content=\"https:\/\/timescork.com\/wp-content\/uploads\/20220323_171312_ccexpress1.png\" \/>\n\t<meta property=\"og:image:width\" content=\"1280\" \/>\n\t<meta property=\"og:image:height\" content=\"1140\" \/>\n\t<meta property=\"og:image:type\" content=\"image\/png\" \/>\n<meta name=\"twitter:card\" content=\"summary_large_image\" \/>\n<script type=\"application\/ld+json\" class=\"yoast-schema-graph\">{\"@context\":\"https:\/\/schema.org\",\"@graph\":[{\"@type\":\"WebPage\",\"@id\":\"https:\/\/timescork.com\/produto\/rolhas-conicas\/\",\"url\":\"https:\/\/timescork.com\/produto\/rolhas-conicas\/\",\"name\":\"Versatilidade. Inova\u00e7\u00e3o. - Timescork\",\"isPartOf\":{\"@id\":\"https:\/\/timescork.com\/#website\"},\"primaryImageOfPage\":{\"@id\":\"https:\/\/timescork.com\/produto\/rolhas-conicas\/#primaryimage\"},\"image\":{\"@id\":\"https:\/\/timescork.com\/produto\/rolhas-conicas\/#primaryimage\"},\"thumbnailUrl\":\"https:\/\/timescork.com\/wp-content\/uploads\/20220323_171312_ccexpress1.png\",\"datePublished\":\"2021-10-20T13:53:08+00:00\",\"dateModified\":\"2025-02-28T14:56:04+00:00\",\"breadcrumb\":{\"@id\":\"https:\/\/timescork.com\/produto\/rolhas-conicas\/#breadcrumb\"},\"inLanguage\":\"fr-FR\",\"potentialAction\":[{\"@type\":\"ReadAction\",\"target\":[\"https:\/\/timescork.com\/produto\/rolhas-conicas\/\"]}]},{\"@type\":\"ImageObject\",\"inLanguage\":\"fr-FR\",\"@id\":\"https:\/\/timescork.com\/produto\/rolhas-conicas\/#primaryimage\",\"url\":\"https:\/\/timescork.com\/wp-content\/uploads\/20220323_171312_ccexpress1.png\",\"contentUrl\":\"https:\/\/timescork.com\/wp-content\/uploads\/20220323_171312_ccexpress1.png\",\"width\":1280,\"height\":1140},{\"@type\":\"BreadcrumbList\",\"@id\":\"https:\/\/timescork.com\/produto\/rolhas-conicas\/#breadcrumb\",\"itemListElement\":[{\"@type\":\"ListItem\",\"position\":1,\"name\":\"In\u00edcio\",\"item\":\"https:\/\/timescork.com\/\"},{\"@type\":\"ListItem\",\"position\":2,\"name\":\"As nossas Rolhas\",\"item\":\"https:\/\/timescork.com\/?page_id=187\"},{\"@type\":\"ListItem\",\"position\":3,\"name\":\"Versatilidade. Inova\u00e7\u00e3o.\"}]},{\"@type\":\"WebSite\",\"@id\":\"https:\/\/timescork.com\/#website\",\"url\":\"https:\/\/timescork.com\/\",\"name\":\"Timescork\",\"description\":\"\",\"publisher\":{\"@id\":\"https:\/\/timescork.com\/#organization\"},\"potentialAction\":[{\"@type\":\"SearchAction\",\"target\":{\"@type\":\"EntryPoint\",\"urlTemplate\":\"https:\/\/timescork.com\/?s={search_term_string}\"},\"query-input\":{\"@type\":\"PropertyValueSpecification\",\"valueRequired\":true,\"valueName\":\"search_term_string\"}}],\"inLanguage\":\"fr-FR\"},{\"@type\":\"Organization\",\"@id\":\"https:\/\/timescork.com\/#organization\",\"name\":\"Timescork - Rolhas & C\u00e1psulas, Lda\",\"url\":\"https:\/\/timescork.com\/\",\"logo\":{\"@type\":\"ImageObject\",\"inLanguage\":\"fr-FR\",\"@id\":\"https:\/\/timescork.com\/#\/schema\/logo\/image\/\",\"url\":\"https:\/\/timescork.com\/wp-content\/uploads\/logotipo-timescork-original-200x50px.png\",\"contentUrl\":\"https:\/\/timescork.com\/wp-content\/uploads\/logotipo-timescork-original-200x50px.png\",\"width\":200,\"height\":50,\"caption\":\"Timescork - Rolhas & C\u00e1psulas, Lda\"},\"image\":{\"@id\":\"https:\/\/timescork.com\/#\/schema\/logo\/image\/\"},\"sameAs\":[\"https:\/\/www.facebook.com\/timescork\",\"https:\/\/www.instagram.com\/timescork.official\",\"https:\/\/www.linkedin.com\/in\/timescork-rolhas-e-c\u00e1psulas-1b1016220\"]}]}<\/script>\n<!-- \/ Yoast SEO plugin. -->","yoast_head_json":{"title":"Versatilidade. Inova\u00e7\u00e3o. - Timescork","robots":{"index":"index","follow":"follow","max-snippet":"max-snippet:-1","max-image-preview":"max-image-preview:large","max-video-preview":"max-video-preview:-1"},"canonical":"https:\/\/timescork.com\/fr\/produit\/bouchons-coniques\/","og_locale":"fr_FR","og_type":"article","og_title":"Versatilidade. Inova\u00e7\u00e3o. - Timescork","og_description":"As rolhas c\u00f3nicas s\u00e3o rolhas especiais pelo seu formato, variedade de dimens\u00f5es e finalidades.  Culminam na solu\u00e7\u00e3o mais ecol\u00f3gica, sustent\u00e1vel e elegante para a veda\u00e7\u00e3o de licores artesanais, diversos produtos alimentares como o mel, e artigos de cosm\u00e9tica e decora\u00e7\u00e3o, como \u00e9 o caso dos sais de banho.","og_url":"https:\/\/timescork.com\/fr\/produit\/bouchons-coniques\/","og_site_name":"Timescork","article_publisher":"https:\/\/www.facebook.com\/timescork","article_modified_time":"2025-02-28T14:56:04+00:00","og_image":[{"width":1280,"height":1140,"url":"https:\/\/timescork.com\/wp-content\/uploads\/20220323_171312_ccexpress1.png","type":"image\/png"}],"twitter_card":"summary_large_image","schema":{"@context":"https:\/\/schema.org","@graph":[{"@type":"WebPage","@id":"https:\/\/timescork.com\/produto\/rolhas-conicas\/","url":"https:\/\/timescork.com\/produto\/rolhas-conicas\/","name":"Versatilidade. Inova\u00e7\u00e3o. - Timescork","isPartOf":{"@id":"https:\/\/timescork.com\/#website"},"primaryImageOfPage":{"@id":"https:\/\/timescork.com\/produto\/rolhas-conicas\/#primaryimage"},"image":{"@id":"https:\/\/timescork.com\/produto\/rolhas-conicas\/#primaryimage"},"thumbnailUrl":"https:\/\/timescork.com\/wp-content\/uploads\/20220323_171312_ccexpress1.png","datePublished":"2021-10-20T13:53:08+00:00","dateModified":"2025-02-28T14:56:04+00:00","breadcrumb":{"@id":"https:\/\/timescork.com\/produto\/rolhas-conicas\/#breadcrumb"},"inLanguage":"fr-FR","potentialAction":[{"@type":"ReadAction","target":["https:\/\/timescork.com\/produto\/rolhas-conicas\/"]}]},{"@type":"ImageObject","inLanguage":"fr-FR","@id":"https:\/\/timescork.com\/produto\/rolhas-conicas\/#primaryimage","url":"https:\/\/timescork.com\/wp-content\/uploads\/20220323_171312_ccexpress1.png","contentUrl":"https:\/\/timescork.com\/wp-content\/uploads\/20220323_171312_ccexpress1.png","width":1280,"height":1140},{"@type":"BreadcrumbList","@id":"https:\/\/timescork.com\/produto\/rolhas-conicas\/#breadcrumb","itemListElement":[{"@type":"ListItem","position":1,"name":"In\u00edcio","item":"https:\/\/timescork.com\/"},{"@type":"ListItem","position":2,"name":"As nossas Rolhas","item":"https:\/\/timescork.com\/?page_id=187"},{"@type":"ListItem","position":3,"name":"Versatilidade. Inova\u00e7\u00e3o."}]},{"@type":"WebSite","@id":"https:\/\/timescork.com\/#website","url":"https:\/\/timescork.com\/","name":"Timescork","description":"","publisher":{"@id":"https:\/\/timescork.com\/#organization"},"potentialAction":[{"@type":"SearchAction","target":{"@type":"EntryPoint","urlTemplate":"https:\/\/timescork.com\/?s={search_term_string}"},"query-input":{"@type":"PropertyValueSpecification","valueRequired":true,"valueName":"search_term_string"}}],"inLanguage":"fr-FR"},{"@type":"Organization","@id":"https:\/\/timescork.com\/#organization","name":"Timescork - Rolhas & C\u00e1psulas, Lda","url":"https:\/\/timescork.com\/","logo":{"@type":"ImageObject","inLanguage":"fr-FR","@id":"https:\/\/timescork.com\/#\/schema\/logo\/image\/","url":"https:\/\/timescork.com\/wp-content\/uploads\/logotipo-timescork-original-200x50px.png","contentUrl":"https:\/\/timescork.com\/wp-content\/uploads\/logotipo-timescork-original-200x50px.png","width":200,"height":50,"caption":"Timescork - Rolhas & C\u00e1psulas, Lda"},"image":{"@id":"https:\/\/timescork.com\/#\/schema\/logo\/image\/"},"sameAs":["https:\/\/www.facebook.com\/timescork","https:\/\/www.instagram.com\/timescork.official","https:\/\/www.linkedin.com\/in\/timescork-rolhas-e-c\u00e1psulas-1b1016220"]}]}},"_links":{"self":[{"href":"https:\/\/timescork.com\/fr\/wp-json\/wp\/v2\/product\/2799","targetHints":{"allow":["GET"]}}],"collection":[{"href":"https:\/\/timescork.com\/fr\/wp-json\/wp\/v2\/product"}],"about":[{"href":"https:\/\/timescork.com\/fr\/wp-json\/wp\/v2\/types\/product"}],"replies":[{"embeddable":true,"href":"https:\/\/timescork.com\/fr\/wp-json\/wp\/v2\/comments?post=2799"}],"wp:featuredmedia":[{"embeddable":true,"href":"https:\/\/timescork.com\/fr\/wp-json\/wp\/v2\/media\/3196"}],"wp:attachment":[{"href":"https:\/\/timescork.com\/fr\/wp-json\/wp\/v2\/media?parent=2799"}],"curies":[{"name":"wp","href":"https:\/\/api.w.org\/{rel}","templated":true}]}}