{"id":2798,"date":"2021-10-20T14:51:46","date_gmt":"2021-10-20T13:51:46","guid":{"rendered":"https:\/\/timescork.com\/?post_type=product&#038;p=2798"},"modified":"2025-02-28T14:56:24","modified_gmt":"2025-02-28T14:56:24","slug":"rolhas-de-cortica-capsuladas","status":"publish","type":"product","link":"https:\/\/timescork.com\/fr\/produit\/bouchons-de-liege-capsules\/","title":{"rendered":"Commodit\u00e9. Conception."},"content":{"rendered":"<div id=\"rolhasdecorticacapsuladas\" data-vc-full-width=\"true\" data-vc-full-width-init=\"false\" class=\"vc_row wpb_row vc_row-fluid vc_custom_1634915904915 vc_row-has-fill\"><div class=\"wpb_column vc_column_container vc_col-sm-6\"><div class=\"vc_column-inner\"><div class=\"wpb_wrapper\">\n\t<div class=\"title-subtitle-box\" style=\" text-align: left;\">\n\t\t<h1 style=\" font-style: normal;\">Bouchons \u00e0 T\u00eate<\/h1>\n\t<\/div> \n\t<div class=\"wpb_text_column wpb_content_element  vc_custom_1739748823146\">\n\t\t<div class=\"wpb_wrapper\">\n\t\t\t<p>Les bouchons de li\u00e8ge capsul\u00e9s sont tr\u00e8s pratiques pour les boissons dont le contenu n'est pas consomm\u00e9 en une seule fois, comme les vins enrichis et fortifi\u00e9s, les spiritueux et m\u00eame les huiles d'olive de qualit\u00e9 sup\u00e9rieure. La \"m\u00e9moire \u00e9lastique\" du li\u00e8ge permet de l'ouvrir et de le r\u00e9ins\u00e9rer facilement dans la bouteille sans alt\u00e9rer la boisson. Cette particularit\u00e9 conf\u00e8re \u00e9l\u00e9gance et raffinement au produit et commodit\u00e9 au consommateur.<\/p>\n<p>Les Bartops sont personnalisables et peuvent \u00eatre adapt\u00e9s \u00e0 l'emballage unique de chaque client. Le client est libre de choisir le design g\u00e9n\u00e9ral du produit, le type de bouchon (naturel, colmat\u00e9 ou micro-agglom\u00e9r\u00e9), le mat\u00e9riau de la capsule (plastique ou bois) et m\u00eame la couleur de la capsule.<\/p>\n<p style=\"margin-top: 50px;\"><a class=\"b-ficatecnica\" href=\"https:\/\/timescork.com\/wp-content\/uploads\/Timescork-Rolhas-Capsuladas-PT.pdf\" data-umami-event=\"link:Ver Ficha T\u00e9cnica \u00bb\" data-umami-event-url=\"https:\/\/timescork.com\/wp-content\/uploads\/Timescork-Rolhas-Capsuladas-PT.pdf\">Voir les donn\u00e9es techniques \"<\/a><\/p>\n\n\t\t<\/div>\n\t<\/div>\n<\/div><\/div><\/div><div class=\"wpb_column vc_column_container vc_col-sm-6\"><div class=\"vc_column-inner\"><div class=\"wpb_wrapper\">\n\t<div class=\"wpb_single_image wpb_content_element vc_align_left  vc_custom_1648057674428\">\n\t\t\n\t\t<figure class=\"wpb_wrapper vc_figure\">\n\t\t\t<div class=\"vc_single_image-wrapper   vc_box_border_grey\"><img loading=\"lazy\" decoding=\"async\" width=\"1277\" height=\"1492\" src=\"https:\/\/timescork.com\/wp-content\/uploads\/20220323_172147_ccexpress11.png\" class=\"vc_single_image-img attachment-full\" alt=\"\" srcset=\"https:\/\/timescork.com\/wp-content\/uploads\/20220323_172147_ccexpress11.png 1277w, https:\/\/timescork.com\/wp-content\/uploads\/20220323_172147_ccexpress11-257x300.png 257w, https:\/\/timescork.com\/wp-content\/uploads\/20220323_172147_ccexpress11-876x1024.png 876w, https:\/\/timescork.com\/wp-content\/uploads\/20220323_172147_ccexpress11-768x897.png 768w\" sizes=\"auto, (max-width: 1277px) 100vw, 1277px\"><\/div>\n\t\t<\/figure>\n\t<\/div>\n<\/div><\/div><\/div><\/div><div class=\"vc_row-full-width vc_clearfix\"><\/div>","protected":false},"excerpt":{"rendered":"<p>Les bouchons \u00e0 t\u00eate, connus sous le nom de Bartop, sont les bouchons de choix dans divers segments du march\u00e9, en particulier pour sceller des boissons telles que notre prestigieux vin de Porto, ainsi que les meilleurs Wishkys, Armagnacs, Gins et huiles d'olive du monde entier.<\/p>\n<p>Les bouchons Bartop peuvent \u00eatre plus g\u00e9n\u00e9riques ou exclusifs. Chez Timescork, nous vous aidons \u00e0 s\u00e9lectionner le meilleur mat\u00e9riau et le meilleur design pour votre produit, en accord avec votre emballage et adapt\u00e9 \u00e0 son usage.<\/p>","protected":false},"featured_media":3177,"comment_status":"closed","ping_status":"closed","template":"","meta":{"_monsterinsights_skip_tracking":false,"_monsterinsights_sitenote_active":false,"_monsterinsights_sitenote_note":"","_monsterinsights_sitenote_category":0},"class_list":["post-2798","product","type-product","status-publish","has-post-thumbnail","hentry","product_cat-rolhas-de-cortica-capsuladas"],"yoast_head":"<!-- This site is optimized with the Yoast SEO plugin v24.3 - https:\/\/yoast.com\/wordpress\/plugins\/seo\/ -->\n<title>Comodidade. Design. - Timescork<\/title>\n<meta name=\"robots\" content=\"index, follow, max-snippet:-1, max-image-preview:large, max-video-preview:-1\" \/>\n<link rel=\"canonical\" href=\"https:\/\/timescork.com\/fr\/produit\/bouchons-de-liege-capsules\/\" \/>\n<meta property=\"og:locale\" content=\"fr_FR\" \/>\n<meta property=\"og:type\" content=\"article\" \/>\n<meta property=\"og:title\" content=\"Comodidade. Design. - Timescork\" \/>\n<meta property=\"og:description\" content=\"As rolhas de corti\u00e7a capsuladas, conhecidas como Bartop, s\u00e3o o vedante de elei\u00e7\u00e3o em diversos segmentos de mercado, nomeadamente na veda\u00e7\u00e3o de bebidas como o nosso prestigiado Vinho do Porto, bem como dos melhores Wishkys, Armagnacs, Gins e Azeites de todo o mundo.  As rolhas Bartop podem ser mais gen\u00e9ricas ou exclusivas. Na Timescork ajudamos na sele\u00e7\u00e3o do melhor material e design para o seu produto, alinhados com o seu packaging e ajustados \u00e0 sua finalidade.\" \/>\n<meta property=\"og:url\" content=\"https:\/\/timescork.com\/fr\/produit\/bouchons-de-liege-capsules\/\" \/>\n<meta property=\"og:site_name\" content=\"Timescork\" \/>\n<meta property=\"article:publisher\" content=\"https:\/\/www.facebook.com\/timescork\" \/>\n<meta property=\"article:modified_time\" content=\"2025-02-28T14:56:24+00:00\" \/>\n<meta property=\"og:image\" content=\"https:\/\/timescork.com\/wp-content\/uploads\/20220323_171126_ccexpress1.png\" \/>\n\t<meta property=\"og:image:width\" content=\"1280\" \/>\n\t<meta property=\"og:image:height\" content=\"995\" \/>\n\t<meta property=\"og:image:type\" content=\"image\/png\" \/>\n<meta name=\"twitter:card\" content=\"summary_large_image\" \/>\n<script type=\"application\/ld+json\" class=\"yoast-schema-graph\">{\"@context\":\"https:\/\/schema.org\",\"@graph\":[{\"@type\":\"WebPage\",\"@id\":\"https:\/\/timescork.com\/produto\/rolhas-de-cortica-capsuladas\/\",\"url\":\"https:\/\/timescork.com\/produto\/rolhas-de-cortica-capsuladas\/\",\"name\":\"Comodidade. Design. - Timescork\",\"isPartOf\":{\"@id\":\"https:\/\/timescork.com\/#website\"},\"primaryImageOfPage\":{\"@id\":\"https:\/\/timescork.com\/produto\/rolhas-de-cortica-capsuladas\/#primaryimage\"},\"image\":{\"@id\":\"https:\/\/timescork.com\/produto\/rolhas-de-cortica-capsuladas\/#primaryimage\"},\"thumbnailUrl\":\"https:\/\/timescork.com\/wp-content\/uploads\/20220323_171126_ccexpress1.png\",\"datePublished\":\"2021-10-20T13:51:46+00:00\",\"dateModified\":\"2025-02-28T14:56:24+00:00\",\"breadcrumb\":{\"@id\":\"https:\/\/timescork.com\/produto\/rolhas-de-cortica-capsuladas\/#breadcrumb\"},\"inLanguage\":\"fr-FR\",\"potentialAction\":[{\"@type\":\"ReadAction\",\"target\":[\"https:\/\/timescork.com\/produto\/rolhas-de-cortica-capsuladas\/\"]}]},{\"@type\":\"ImageObject\",\"inLanguage\":\"fr-FR\",\"@id\":\"https:\/\/timescork.com\/produto\/rolhas-de-cortica-capsuladas\/#primaryimage\",\"url\":\"https:\/\/timescork.com\/wp-content\/uploads\/20220323_171126_ccexpress1.png\",\"contentUrl\":\"https:\/\/timescork.com\/wp-content\/uploads\/20220323_171126_ccexpress1.png\",\"width\":1280,\"height\":995},{\"@type\":\"BreadcrumbList\",\"@id\":\"https:\/\/timescork.com\/produto\/rolhas-de-cortica-capsuladas\/#breadcrumb\",\"itemListElement\":[{\"@type\":\"ListItem\",\"position\":1,\"name\":\"In\u00edcio\",\"item\":\"https:\/\/timescork.com\/\"},{\"@type\":\"ListItem\",\"position\":2,\"name\":\"As nossas Rolhas\",\"item\":\"https:\/\/timescork.com\/?page_id=187\"},{\"@type\":\"ListItem\",\"position\":3,\"name\":\"Comodidade. Design.\"}]},{\"@type\":\"WebSite\",\"@id\":\"https:\/\/timescork.com\/#website\",\"url\":\"https:\/\/timescork.com\/\",\"name\":\"Timescork\",\"description\":\"\",\"publisher\":{\"@id\":\"https:\/\/timescork.com\/#organization\"},\"potentialAction\":[{\"@type\":\"SearchAction\",\"target\":{\"@type\":\"EntryPoint\",\"urlTemplate\":\"https:\/\/timescork.com\/?s={search_term_string}\"},\"query-input\":{\"@type\":\"PropertyValueSpecification\",\"valueRequired\":true,\"valueName\":\"search_term_string\"}}],\"inLanguage\":\"fr-FR\"},{\"@type\":\"Organization\",\"@id\":\"https:\/\/timescork.com\/#organization\",\"name\":\"Timescork - Rolhas & C\u00e1psulas, Lda\",\"url\":\"https:\/\/timescork.com\/\",\"logo\":{\"@type\":\"ImageObject\",\"inLanguage\":\"fr-FR\",\"@id\":\"https:\/\/timescork.com\/#\/schema\/logo\/image\/\",\"url\":\"https:\/\/timescork.com\/wp-content\/uploads\/logotipo-timescork-original-200x50px.png\",\"contentUrl\":\"https:\/\/timescork.com\/wp-content\/uploads\/logotipo-timescork-original-200x50px.png\",\"width\":200,\"height\":50,\"caption\":\"Timescork - Rolhas & C\u00e1psulas, Lda\"},\"image\":{\"@id\":\"https:\/\/timescork.com\/#\/schema\/logo\/image\/\"},\"sameAs\":[\"https:\/\/www.facebook.com\/timescork\",\"https:\/\/www.instagram.com\/timescork.official\",\"https:\/\/www.linkedin.com\/in\/timescork-rolhas-e-c\u00e1psulas-1b1016220\"]}]}<\/script>\n<!-- \/ Yoast SEO plugin. -->","yoast_head_json":{"title":"Comodidade. Design. - Timescork","robots":{"index":"index","follow":"follow","max-snippet":"max-snippet:-1","max-image-preview":"max-image-preview:large","max-video-preview":"max-video-preview:-1"},"canonical":"https:\/\/timescork.com\/fr\/produit\/bouchons-de-liege-capsules\/","og_locale":"fr_FR","og_type":"article","og_title":"Comodidade. Design. - Timescork","og_description":"As rolhas de corti\u00e7a capsuladas, conhecidas como Bartop, s\u00e3o o vedante de elei\u00e7\u00e3o em diversos segmentos de mercado, nomeadamente na veda\u00e7\u00e3o de bebidas como o nosso prestigiado Vinho do Porto, bem como dos melhores Wishkys, Armagnacs, Gins e Azeites de todo o mundo.  As rolhas Bartop podem ser mais gen\u00e9ricas ou exclusivas. Na Timescork ajudamos na sele\u00e7\u00e3o do melhor material e design para o seu produto, alinhados com o seu packaging e ajustados \u00e0 sua finalidade.","og_url":"https:\/\/timescork.com\/fr\/produit\/bouchons-de-liege-capsules\/","og_site_name":"Timescork","article_publisher":"https:\/\/www.facebook.com\/timescork","article_modified_time":"2025-02-28T14:56:24+00:00","og_image":[{"width":1280,"height":995,"url":"https:\/\/timescork.com\/wp-content\/uploads\/20220323_171126_ccexpress1.png","type":"image\/png"}],"twitter_card":"summary_large_image","schema":{"@context":"https:\/\/schema.org","@graph":[{"@type":"WebPage","@id":"https:\/\/timescork.com\/produto\/rolhas-de-cortica-capsuladas\/","url":"https:\/\/timescork.com\/produto\/rolhas-de-cortica-capsuladas\/","name":"Comodidade. Design. - Timescork","isPartOf":{"@id":"https:\/\/timescork.com\/#website"},"primaryImageOfPage":{"@id":"https:\/\/timescork.com\/produto\/rolhas-de-cortica-capsuladas\/#primaryimage"},"image":{"@id":"https:\/\/timescork.com\/produto\/rolhas-de-cortica-capsuladas\/#primaryimage"},"thumbnailUrl":"https:\/\/timescork.com\/wp-content\/uploads\/20220323_171126_ccexpress1.png","datePublished":"2021-10-20T13:51:46+00:00","dateModified":"2025-02-28T14:56:24+00:00","breadcrumb":{"@id":"https:\/\/timescork.com\/produto\/rolhas-de-cortica-capsuladas\/#breadcrumb"},"inLanguage":"fr-FR","potentialAction":[{"@type":"ReadAction","target":["https:\/\/timescork.com\/produto\/rolhas-de-cortica-capsuladas\/"]}]},{"@type":"ImageObject","inLanguage":"fr-FR","@id":"https:\/\/timescork.com\/produto\/rolhas-de-cortica-capsuladas\/#primaryimage","url":"https:\/\/timescork.com\/wp-content\/uploads\/20220323_171126_ccexpress1.png","contentUrl":"https:\/\/timescork.com\/wp-content\/uploads\/20220323_171126_ccexpress1.png","width":1280,"height":995},{"@type":"BreadcrumbList","@id":"https:\/\/timescork.com\/produto\/rolhas-de-cortica-capsuladas\/#breadcrumb","itemListElement":[{"@type":"ListItem","position":1,"name":"In\u00edcio","item":"https:\/\/timescork.com\/"},{"@type":"ListItem","position":2,"name":"As nossas Rolhas","item":"https:\/\/timescork.com\/?page_id=187"},{"@type":"ListItem","position":3,"name":"Comodidade. Design."}]},{"@type":"WebSite","@id":"https:\/\/timescork.com\/#website","url":"https:\/\/timescork.com\/","name":"Timescork","description":"","publisher":{"@id":"https:\/\/timescork.com\/#organization"},"potentialAction":[{"@type":"SearchAction","target":{"@type":"EntryPoint","urlTemplate":"https:\/\/timescork.com\/?s={search_term_string}"},"query-input":{"@type":"PropertyValueSpecification","valueRequired":true,"valueName":"search_term_string"}}],"inLanguage":"fr-FR"},{"@type":"Organization","@id":"https:\/\/timescork.com\/#organization","name":"Timescork - Rolhas & C\u00e1psulas, Lda","url":"https:\/\/timescork.com\/","logo":{"@type":"ImageObject","inLanguage":"fr-FR","@id":"https:\/\/timescork.com\/#\/schema\/logo\/image\/","url":"https:\/\/timescork.com\/wp-content\/uploads\/logotipo-timescork-original-200x50px.png","contentUrl":"https:\/\/timescork.com\/wp-content\/uploads\/logotipo-timescork-original-200x50px.png","width":200,"height":50,"caption":"Timescork - Rolhas & C\u00e1psulas, Lda"},"image":{"@id":"https:\/\/timescork.com\/#\/schema\/logo\/image\/"},"sameAs":["https:\/\/www.facebook.com\/timescork","https:\/\/www.instagram.com\/timescork.official","https:\/\/www.linkedin.com\/in\/timescork-rolhas-e-c\u00e1psulas-1b1016220"]}]}},"_links":{"self":[{"href":"https:\/\/timescork.com\/fr\/wp-json\/wp\/v2\/product\/2798","targetHints":{"allow":["GET"]}}],"collection":[{"href":"https:\/\/timescork.com\/fr\/wp-json\/wp\/v2\/product"}],"about":[{"href":"https:\/\/timescork.com\/fr\/wp-json\/wp\/v2\/types\/product"}],"replies":[{"embeddable":true,"href":"https:\/\/timescork.com\/fr\/wp-json\/wp\/v2\/comments?post=2798"}],"wp:featuredmedia":[{"embeddable":true,"href":"https:\/\/timescork.com\/fr\/wp-json\/wp\/v2\/media\/3177"}],"wp:attachment":[{"href":"https:\/\/timescork.com\/fr\/wp-json\/wp\/v2\/media?parent=2798"}],"curies":[{"name":"wp","href":"https:\/\/api.w.org\/{rel}","templated":true}]}}