{"id":2664,"date":"2021-09-07T16:21:16","date_gmt":"2021-09-07T15:21:16","guid":{"rendered":"https:\/\/timescork.com\/?post_type=product&#038;p=2664"},"modified":"2025-02-28T14:57:39","modified_gmt":"2025-02-28T14:57:39","slug":"rolhas-de-champanhe","status":"publish","type":"product","link":"https:\/\/timescork.com\/fr\/produit\/bouchons-de-champagne\/","title":{"rendered":"Performance maximale. Perlage parfait."},"content":{"rendered":"<div id=\"rolhasdechampanhe02\" data-vc-full-width=\"true\" data-vc-full-width-init=\"false\" class=\"vc_row wpb_row vc_row-fluid vc_custom_1634909585665 vc_row-has-fill\"><div class=\"wpb_column vc_column_container vc_col-sm-6\"><div class=\"vc_column-inner\"><div class=\"wpb_wrapper\">\n\t<div class=\"title-subtitle-box\" style=\" text-align: left;\">\n\t\t<h1 style=\" font-style: normal;\">Bouchons de champagne 0+2<\/h1>\n\t<\/div> \n\t<div class=\"wpb_text_column wpb_content_element  vc_custom_1739743610164\">\n\t\t<div class=\"wpb_wrapper\">\n\t\t\t<p>Les bouchons de champagne 0+2 sont constitu\u00e9s d'un corps de plus grand diam\u00e8tre en li\u00e8ge agglom\u00e9r\u00e9, avec deux disques de li\u00e8ge naturel \u00e0 l'extr\u00e9mit\u00e9 qui entre en contact avec le vin.<\/p>\n<p>Leur consistance m\u00e9canique, en harmonie avec les avantages sensoriels du contact avec le li\u00e8ge naturel, en fait le bouchon id\u00e9al pour pr\u00e9server plus longtemps l'effervescence et la fra\u00eecheur des champagnes et des vins mousseux.<\/p>\n<p style=\"margin-top: 50px;\"><a class=\"b-ficatecnica\" href=\"https:\/\/timescork.com\/wp-content\/uploads\/Timescork-Rolhas-02-Champagne-PT.pdf\" data-umami-event=\"link:Ver Ficha T\u00e9cnica \u00bb\" data-umami-event-url=\"https:\/\/timescork.com\/wp-content\/uploads\/Timescork-Rolhas-02-Champagne-PT.pdf\">Voir les donn\u00e9es techniques \"<\/a><\/p>\n\n\t\t<\/div>\n\t<\/div>\n<\/div><\/div><\/div><div class=\"wpb_column vc_column_container vc_col-sm-6\"><div class=\"vc_column-inner\"><div class=\"wpb_wrapper\">\n\t<div class=\"wpb_single_image wpb_content_element vc_align_left  vc_custom_1634909938323\">\n\t\t\n\t\t<figure class=\"wpb_wrapper vc_figure\">\n\t\t\t<div class=\"vc_single_image-wrapper   vc_box_border_grey\"><img loading=\"lazy\" decoding=\"async\" width=\"1000\" height=\"1000\" src=\"https:\/\/timescork.com\/wp-content\/uploads\/rolhas-champanhe-timescork-2.png\" class=\"vc_single_image-img attachment-full\" alt=\"\" srcset=\"https:\/\/timescork.com\/wp-content\/uploads\/rolhas-champanhe-timescork-2.png 1000w, https:\/\/timescork.com\/wp-content\/uploads\/rolhas-champanhe-timescork-2-300x300.png 300w, https:\/\/timescork.com\/wp-content\/uploads\/rolhas-champanhe-timescork-2-150x150.png 150w, https:\/\/timescork.com\/wp-content\/uploads\/rolhas-champanhe-timescork-2-768x768.png 768w, https:\/\/timescork.com\/wp-content\/uploads\/rolhas-champanhe-timescork-2-140x140.png 140w\" sizes=\"auto, (max-width: 1000px) 100vw, 1000px\"><\/div>\n\t\t<\/figure>\n\t<\/div>\n<\/div><\/div><\/div><\/div><div class=\"vc_row-full-width vc_clearfix\"><\/div><div id=\"rolhasdechampanheaglomerado\" class=\"vc_row wpb_row vc_row-fluid vc_custom_1634912147900\"><div class=\"wpb_column vc_column_container vc_col-sm-6\"><div class=\"vc_column-inner\"><div class=\"wpb_wrapper\">\n\t<div class=\"wpb_single_image wpb_content_element vc_align_left  vc_custom_1648055005596\">\n\t\t\n\t\t<figure class=\"wpb_wrapper vc_figure\">\n\t\t\t<div class=\"vc_single_image-wrapper   vc_box_border_grey\"><img loading=\"lazy\" decoding=\"async\" width=\"3024\" height=\"3024\" src=\"https:\/\/timescork.com\/wp-content\/uploads\/20220323_165908_ccexpress.png\" class=\"vc_single_image-img attachment-full\" alt=\"\" srcset=\"https:\/\/timescork.com\/wp-content\/uploads\/20220323_165908_ccexpress.png 3024w, https:\/\/timescork.com\/wp-content\/uploads\/20220323_165908_ccexpress-300x300.png 300w, https:\/\/timescork.com\/wp-content\/uploads\/20220323_165908_ccexpress-1024x1024.png 1024w, https:\/\/timescork.com\/wp-content\/uploads\/20220323_165908_ccexpress-150x150.png 150w, https:\/\/timescork.com\/wp-content\/uploads\/20220323_165908_ccexpress-768x768.png 768w, https:\/\/timescork.com\/wp-content\/uploads\/20220323_165908_ccexpress-1536x1536.png 1536w, https:\/\/timescork.com\/wp-content\/uploads\/20220323_165908_ccexpress-2048x2048.png 2048w, https:\/\/timescork.com\/wp-content\/uploads\/20220323_165908_ccexpress-140x140.png 140w\" sizes=\"auto, (max-width: 3024px) 100vw, 3024px\"><\/div>\n\t\t<\/figure>\n\t<\/div>\n<\/div><\/div><\/div><div class=\"wpb_column vc_column_container vc_col-sm-6\"><div class=\"vc_column-inner\"><div class=\"wpb_wrapper\">\n\t<div class=\"title-subtitle-box\" style=\" text-align: left;\">\n\t\t<h1 style=\" font-style: normal;\">Bouchons de champagne agglom\u00e9r\u00e9s<\/h1>\n\t<\/div> \n\t<div class=\"wpb_text_column wpb_content_element\">\n\t\t<div class=\"wpb_wrapper\">\n\t\t\t<p>Constitu\u00e9s d'un corps de li\u00e8ge agglom\u00e9r\u00e9 ou micro-agglom\u00e9r\u00e9 de plus grand diam\u00e8tre, ils garantissent une performance technique totale lors de l'embouteillage de vins effervescents ou d'autres boissons gazeuses.<\/p>\n<p style=\"margin-top: 50px;\"><a class=\"b-ficatecnica\" href=\"https:\/\/timescork.com\/wp-content\/uploads\/Timescork-Rolhas-Champagne-Agglo-PT.pdf\" data-umami-event=\"link:Ver Ficha T\u00e9cnica \u00bb\" data-umami-event-url=\"https:\/\/timescork.com\/wp-content\/uploads\/Timescork-Rolhas-Champagne-Agglo-PT.pdf\">Voir les donn\u00e9es techniques \"<\/a><\/p>\n\n\t\t<\/div>\n\t<\/div>\n<\/div><\/div><\/div><\/div>","protected":false},"excerpt":{"rendered":"<p>Les bouchons de champagne sont sp\u00e9cialement con\u00e7us pour assurer l'\u00e9tanch\u00e9it\u00e9 des champagnes, vins mousseux, vins p\u00e9tillants et autres boissons p\u00e9tillantes.<\/p>\n<p>Sa structure robuste est con\u00e7ue pour r\u00e9sister \u00e0 des pressions internes \u00e9lev\u00e9es et emp\u00eacher la perte de dioxyde de carbone, pr\u00e9servant ainsi la fra\u00eecheur, le perlage et les caract\u00e9ristiques sensorielles des champagnes et des vins mousseaux de la boisson jusqu'au moment de la d\u00e9gustation.<\/p>","protected":false},"featured_media":2899,"comment_status":"closed","ping_status":"closed","template":"","meta":{"_monsterinsights_skip_tracking":false,"_monsterinsights_sitenote_active":false,"_monsterinsights_sitenote_note":"","_monsterinsights_sitenote_category":0},"class_list":["post-2664","product","type-product","status-publish","has-post-thumbnail","hentry","product_cat-rolhas-de-champanhe"],"yoast_head":"<!-- This site is optimized with the Yoast SEO plugin v24.3 - https:\/\/yoast.com\/wordpress\/plugins\/seo\/ -->\n<title>M\u00e1xima performance. Perlage perfeito. - Timescork<\/title>\n<meta name=\"robots\" content=\"index, follow, max-snippet:-1, max-image-preview:large, max-video-preview:-1\" \/>\n<link rel=\"canonical\" href=\"https:\/\/timescork.com\/fr\/produit\/bouchons-de-champagne\/\" \/>\n<meta property=\"og:locale\" content=\"fr_FR\" \/>\n<meta property=\"og:type\" content=\"article\" \/>\n<meta property=\"og:title\" content=\"M\u00e1xima performance. Perlage perfeito. - Timescork\" \/>\n<meta property=\"og:description\" content=\"As rolhas de champanhe s\u00e3o especialmente desenvolvidas para garantir a veda\u00e7\u00e3o herm\u00e9tica dos mais c\u00e9leres champagnes, espumantes, frisantes e outras bebidas gaseificadas.  A sua estrutura robusta \u00e9 projetada para suportar elevadas press\u00f5es internas e evitar a perda de g\u00e1s carb\u00f3nico, preservando a frescura, o perlage e as caracter\u00edsticas sensoriais da bebida at\u00e9 ao momento da degusta\u00e7\u00e3o.\" \/>\n<meta property=\"og:url\" content=\"https:\/\/timescork.com\/fr\/produit\/bouchons-de-champagne\/\" \/>\n<meta property=\"og:site_name\" content=\"Timescork\" \/>\n<meta property=\"article:publisher\" content=\"https:\/\/www.facebook.com\/timescork\" \/>\n<meta property=\"article:modified_time\" content=\"2025-02-28T14:57:39+00:00\" \/>\n<meta property=\"og:image\" content=\"https:\/\/timescork.com\/wp-content\/uploads\/rolhas-champanhe-timescork-1.png\" \/>\n\t<meta property=\"og:image:width\" content=\"1000\" \/>\n\t<meta property=\"og:image:height\" content=\"1000\" \/>\n\t<meta property=\"og:image:type\" content=\"image\/png\" \/>\n<meta name=\"twitter:card\" content=\"summary_large_image\" \/>\n<script type=\"application\/ld+json\" class=\"yoast-schema-graph\">{\"@context\":\"https:\/\/schema.org\",\"@graph\":[{\"@type\":\"WebPage\",\"@id\":\"https:\/\/timescork.com\/produto\/rolhas-de-champanhe\/\",\"url\":\"https:\/\/timescork.com\/produto\/rolhas-de-champanhe\/\",\"name\":\"M\u00e1xima performance. Perlage perfeito. - Timescork\",\"isPartOf\":{\"@id\":\"https:\/\/timescork.com\/#website\"},\"primaryImageOfPage\":{\"@id\":\"https:\/\/timescork.com\/produto\/rolhas-de-champanhe\/#primaryimage\"},\"image\":{\"@id\":\"https:\/\/timescork.com\/produto\/rolhas-de-champanhe\/#primaryimage\"},\"thumbnailUrl\":\"https:\/\/timescork.com\/wp-content\/uploads\/rolhas-champanhe-timescork-1.png\",\"datePublished\":\"2021-09-07T15:21:16+00:00\",\"dateModified\":\"2025-02-28T14:57:39+00:00\",\"breadcrumb\":{\"@id\":\"https:\/\/timescork.com\/produto\/rolhas-de-champanhe\/#breadcrumb\"},\"inLanguage\":\"fr-FR\",\"potentialAction\":[{\"@type\":\"ReadAction\",\"target\":[\"https:\/\/timescork.com\/produto\/rolhas-de-champanhe\/\"]}]},{\"@type\":\"ImageObject\",\"inLanguage\":\"fr-FR\",\"@id\":\"https:\/\/timescork.com\/produto\/rolhas-de-champanhe\/#primaryimage\",\"url\":\"https:\/\/timescork.com\/wp-content\/uploads\/rolhas-champanhe-timescork-1.png\",\"contentUrl\":\"https:\/\/timescork.com\/wp-content\/uploads\/rolhas-champanhe-timescork-1.png\",\"width\":1000,\"height\":1000},{\"@type\":\"BreadcrumbList\",\"@id\":\"https:\/\/timescork.com\/produto\/rolhas-de-champanhe\/#breadcrumb\",\"itemListElement\":[{\"@type\":\"ListItem\",\"position\":1,\"name\":\"In\u00edcio\",\"item\":\"https:\/\/timescork.com\/\"},{\"@type\":\"ListItem\",\"position\":2,\"name\":\"As nossas Rolhas\",\"item\":\"https:\/\/timescork.com\/?page_id=187\"},{\"@type\":\"ListItem\",\"position\":3,\"name\":\"M\u00e1xima performance. Perlage perfeito.\"}]},{\"@type\":\"WebSite\",\"@id\":\"https:\/\/timescork.com\/#website\",\"url\":\"https:\/\/timescork.com\/\",\"name\":\"Timescork\",\"description\":\"\",\"publisher\":{\"@id\":\"https:\/\/timescork.com\/#organization\"},\"potentialAction\":[{\"@type\":\"SearchAction\",\"target\":{\"@type\":\"EntryPoint\",\"urlTemplate\":\"https:\/\/timescork.com\/?s={search_term_string}\"},\"query-input\":{\"@type\":\"PropertyValueSpecification\",\"valueRequired\":true,\"valueName\":\"search_term_string\"}}],\"inLanguage\":\"fr-FR\"},{\"@type\":\"Organization\",\"@id\":\"https:\/\/timescork.com\/#organization\",\"name\":\"Timescork - Rolhas & C\u00e1psulas, Lda\",\"url\":\"https:\/\/timescork.com\/\",\"logo\":{\"@type\":\"ImageObject\",\"inLanguage\":\"fr-FR\",\"@id\":\"https:\/\/timescork.com\/#\/schema\/logo\/image\/\",\"url\":\"https:\/\/timescork.com\/wp-content\/uploads\/logotipo-timescork-original-200x50px.png\",\"contentUrl\":\"https:\/\/timescork.com\/wp-content\/uploads\/logotipo-timescork-original-200x50px.png\",\"width\":200,\"height\":50,\"caption\":\"Timescork - Rolhas & C\u00e1psulas, Lda\"},\"image\":{\"@id\":\"https:\/\/timescork.com\/#\/schema\/logo\/image\/\"},\"sameAs\":[\"https:\/\/www.facebook.com\/timescork\",\"https:\/\/www.instagram.com\/timescork.official\",\"https:\/\/www.linkedin.com\/in\/timescork-rolhas-e-c\u00e1psulas-1b1016220\"]}]}<\/script>\n<!-- \/ Yoast SEO plugin. -->","yoast_head_json":{"title":"M\u00e1xima performance. Perlage perfeito. - Timescork","robots":{"index":"index","follow":"follow","max-snippet":"max-snippet:-1","max-image-preview":"max-image-preview:large","max-video-preview":"max-video-preview:-1"},"canonical":"https:\/\/timescork.com\/fr\/produit\/bouchons-de-champagne\/","og_locale":"fr_FR","og_type":"article","og_title":"M\u00e1xima performance. Perlage perfeito. - Timescork","og_description":"As rolhas de champanhe s\u00e3o especialmente desenvolvidas para garantir a veda\u00e7\u00e3o herm\u00e9tica dos mais c\u00e9leres champagnes, espumantes, frisantes e outras bebidas gaseificadas.  A sua estrutura robusta \u00e9 projetada para suportar elevadas press\u00f5es internas e evitar a perda de g\u00e1s carb\u00f3nico, preservando a frescura, o perlage e as caracter\u00edsticas sensoriais da bebida at\u00e9 ao momento da degusta\u00e7\u00e3o.","og_url":"https:\/\/timescork.com\/fr\/produit\/bouchons-de-champagne\/","og_site_name":"Timescork","article_publisher":"https:\/\/www.facebook.com\/timescork","article_modified_time":"2025-02-28T14:57:39+00:00","og_image":[{"width":1000,"height":1000,"url":"https:\/\/timescork.com\/wp-content\/uploads\/rolhas-champanhe-timescork-1.png","type":"image\/png"}],"twitter_card":"summary_large_image","schema":{"@context":"https:\/\/schema.org","@graph":[{"@type":"WebPage","@id":"https:\/\/timescork.com\/produto\/rolhas-de-champanhe\/","url":"https:\/\/timescork.com\/produto\/rolhas-de-champanhe\/","name":"M\u00e1xima performance. Perlage perfeito. - Timescork","isPartOf":{"@id":"https:\/\/timescork.com\/#website"},"primaryImageOfPage":{"@id":"https:\/\/timescork.com\/produto\/rolhas-de-champanhe\/#primaryimage"},"image":{"@id":"https:\/\/timescork.com\/produto\/rolhas-de-champanhe\/#primaryimage"},"thumbnailUrl":"https:\/\/timescork.com\/wp-content\/uploads\/rolhas-champanhe-timescork-1.png","datePublished":"2021-09-07T15:21:16+00:00","dateModified":"2025-02-28T14:57:39+00:00","breadcrumb":{"@id":"https:\/\/timescork.com\/produto\/rolhas-de-champanhe\/#breadcrumb"},"inLanguage":"fr-FR","potentialAction":[{"@type":"ReadAction","target":["https:\/\/timescork.com\/produto\/rolhas-de-champanhe\/"]}]},{"@type":"ImageObject","inLanguage":"fr-FR","@id":"https:\/\/timescork.com\/produto\/rolhas-de-champanhe\/#primaryimage","url":"https:\/\/timescork.com\/wp-content\/uploads\/rolhas-champanhe-timescork-1.png","contentUrl":"https:\/\/timescork.com\/wp-content\/uploads\/rolhas-champanhe-timescork-1.png","width":1000,"height":1000},{"@type":"BreadcrumbList","@id":"https:\/\/timescork.com\/produto\/rolhas-de-champanhe\/#breadcrumb","itemListElement":[{"@type":"ListItem","position":1,"name":"In\u00edcio","item":"https:\/\/timescork.com\/"},{"@type":"ListItem","position":2,"name":"As nossas Rolhas","item":"https:\/\/timescork.com\/?page_id=187"},{"@type":"ListItem","position":3,"name":"M\u00e1xima performance. Perlage perfeito."}]},{"@type":"WebSite","@id":"https:\/\/timescork.com\/#website","url":"https:\/\/timescork.com\/","name":"Timescork","description":"","publisher":{"@id":"https:\/\/timescork.com\/#organization"},"potentialAction":[{"@type":"SearchAction","target":{"@type":"EntryPoint","urlTemplate":"https:\/\/timescork.com\/?s={search_term_string}"},"query-input":{"@type":"PropertyValueSpecification","valueRequired":true,"valueName":"search_term_string"}}],"inLanguage":"fr-FR"},{"@type":"Organization","@id":"https:\/\/timescork.com\/#organization","name":"Timescork - Rolhas & C\u00e1psulas, Lda","url":"https:\/\/timescork.com\/","logo":{"@type":"ImageObject","inLanguage":"fr-FR","@id":"https:\/\/timescork.com\/#\/schema\/logo\/image\/","url":"https:\/\/timescork.com\/wp-content\/uploads\/logotipo-timescork-original-200x50px.png","contentUrl":"https:\/\/timescork.com\/wp-content\/uploads\/logotipo-timescork-original-200x50px.png","width":200,"height":50,"caption":"Timescork - Rolhas & C\u00e1psulas, Lda"},"image":{"@id":"https:\/\/timescork.com\/#\/schema\/logo\/image\/"},"sameAs":["https:\/\/www.facebook.com\/timescork","https:\/\/www.instagram.com\/timescork.official","https:\/\/www.linkedin.com\/in\/timescork-rolhas-e-c\u00e1psulas-1b1016220"]}]}},"_links":{"self":[{"href":"https:\/\/timescork.com\/fr\/wp-json\/wp\/v2\/product\/2664","targetHints":{"allow":["GET"]}}],"collection":[{"href":"https:\/\/timescork.com\/fr\/wp-json\/wp\/v2\/product"}],"about":[{"href":"https:\/\/timescork.com\/fr\/wp-json\/wp\/v2\/types\/product"}],"replies":[{"embeddable":true,"href":"https:\/\/timescork.com\/fr\/wp-json\/wp\/v2\/comments?post=2664"}],"wp:featuredmedia":[{"embeddable":true,"href":"https:\/\/timescork.com\/fr\/wp-json\/wp\/v2\/media\/2899"}],"wp:attachment":[{"href":"https:\/\/timescork.com\/fr\/wp-json\/wp\/v2\/media?parent=2664"}],"curies":[{"name":"wp","href":"https:\/\/api.w.org\/{rel}","templated":true}]}}