{"id":2522,"date":"2021-07-16T16:14:21","date_gmt":"2021-07-16T15:14:21","guid":{"rendered":"https:\/\/timescork.com\/?page_id=2522"},"modified":"2025-02-03T11:39:28","modified_gmt":"2025-02-03T11:39:28","slug":"sobre-nos","status":"publish","type":"page","link":"https:\/\/timescork.com\/fr\/a-propos-de-nous\/","title":{"rendered":"\u00c0 propos de nous"},"content":{"rendered":"<div data-vc-full-width=\"true\" data-vc-full-width-init=\"false\" data-vc-parallax=\"1.8\" data-vc-parallax-image=\"https:\/\/timescork.com\/wp-content\/uploads\/the-estate-our-address.jpg\" class=\"vc_row wpb_row vc_row-fluid gg-force-background-bottom vc_custom_1634637368379 vc_row-has-fill vc_general vc_parallax vc_parallax-content-moving\"><div class=\"wpb_column vc_column_container vc_col-sm-6\"><div class=\"vc_column-inner\"><div class=\"wpb_wrapper\"><div class=\"vc_empty_space\" style=\"height: 40px\"><span class=\"vc_empty_space_inner\"><\/span><\/div>\n\t<div class=\"wpb_text_column wpb_content_element\">\n\t\t<div class=\"wpb_wrapper\">\n\t\t\t<h4>\u00c0 PROPOS DE NOUS<\/h4>\n<p>Timescork est sp\u00e9cialis\u00e9 dans la commercialisation de bouchons de li\u00e8ge et de capsules de surbouchage pour divers secteurs d'activit\u00e9, tels que l'industrie du vin et autres. Nos bouchons et capsules r\u00e9pondent aux normes de performance les plus \u00e9lev\u00e9es pour tous les types de vins, champagnes et spiritueux, ainsi que pour d'autres produits tels que l'huile d'olive, le miel et les cosm\u00e9tiques. Nous nous distinguons par l'excellence de nos services et le respect de l'individualit\u00e9 de nos clients.<\/p>\n\n\t\t<\/div>\n\t<\/div>\n<\/div><\/div><\/div><div class=\"wpb_column vc_column_container vc_col-sm-6\"><div class=\"vc_column-inner\"><div class=\"wpb_wrapper\">\n\t<div class=\"title-subtitle-box  vc_custom_1738582762833\" style=\" padding: 90px,30px,0px,0px; text-align: center;\">\n\t\t<p style=\"\">Timescork<\/p>\n\t\t<h2 style=\" font-style: normal;\">Bouchons et capsules<\/h2>\n\t<\/div> \n\t<div class=\"wpb_single_image wpb_content_element vc_align_center\">\n\t\t\n\t\t<figure class=\"wpb_wrapper vc_figure\">\n\t\t\t<div class=\"vc_single_image-wrapper   vc_box_border_grey\"><img loading=\"lazy\" decoding=\"async\" width=\"200\" height=\"50\" src=\"https:\/\/timescork.com\/wp-content\/uploads\/logotipo-timescork-original-200x50px.png\" class=\"vc_single_image-img attachment-full\" alt=\"\"><\/div>\n\t\t<\/figure>\n\t<\/div>\n<\/div><\/div><\/div><\/div><div class=\"vc_row-full-width vc_clearfix\"><\/div><div data-vc-full-width=\"true\" data-vc-full-width-init=\"false\" class=\"vc_row wpb_row vc_row-fluid gg-force-background-bottom vc_custom_1634637534973\"><div class=\"wpb_column vc_column_container vc_col-sm-6\"><div class=\"vc_column-inner\"><div class=\"wpb_wrapper\">\n\t<div class=\"wpb_text_column wpb_content_element\">\n\t\t<div class=\"wpb_wrapper\">\n\t\t\t<h4>MISSION<\/h4>\n<p>Nous vendons des bouchons de li\u00e8ge et des capsules de garantie, offrant \u00e0 nos clients le privil\u00e8ge d'un conseil et d'un accompagnement personnalis\u00e9 pour le b\u00e9n\u00e9fice et la qualit\u00e9 de leurs produits.<\/p>\n\n\t\t<\/div>\n\t<\/div>\n<\/div><\/div><\/div><div class=\"wpb_column vc_column_container vc_col-sm-6\"><div class=\"vc_column-inner\"><div class=\"wpb_wrapper\">\n\t<div class=\"wpb_text_column wpb_content_element\">\n\t\t<div class=\"wpb_wrapper\">\n\t\t\t<h4>VALEURS<\/h4>\n<ul>\n<li>Fiers de notre culture et de nos traditions<\/li>\n<li>La passion du li\u00e8ge et du vin<\/li>\n<li>Comportement \u00e9thique et engagement pour la v\u00e9rit\u00e9<\/li>\n<li>Respect de la vie, des personnes et de l'environnement<\/li>\n<\/ul>\n\n\t\t<\/div>\n\t<\/div>\n<\/div><\/div><\/div><\/div><div class=\"vc_row-full-width vc_clearfix\"><\/div><div data-vc-full-width=\"true\" data-vc-full-width-init=\"false\" class=\"vc_row wpb_row vc_row-fluid gg-force-background-bottom vc_custom_1634641080782\"><div class=\"wpb_column vc_column_container vc_col-sm-12\"><div class=\"vc_column-inner\"><div class=\"wpb_wrapper\">\n\t<div class=\"wpb_text_column wpb_content_element\">\n\t\t<div class=\"wpb_wrapper\">\n\t\t\t<h4>VISION<\/h4>\n<p>\u00catre le partenaire privil\u00e9gi\u00e9 de nos clients gr\u00e2ce aux bonnes relations \u00e9tablies et \u00e0 la commercialisation de produits de r\u00e9f\u00e9rence, en favorisant la croissance durable de l'entreprise et en perp\u00e9tuant le bouchon de li\u00e8ge en tant que scellage de choix.<\/p>\n\n\t\t<\/div>\n\t<\/div>\n<\/div><\/div><\/div><\/div><div class=\"vc_row-full-width vc_clearfix\"><\/div><div class=\"vc_row wpb_row vc_row-fluid vc_custom_1647998648631 vc_row-has-fill\"><div class=\"wpb_column vc_column_container vc_col-sm-12\"><div class=\"vc_column-inner\"><div class=\"wpb_wrapper\"><div class=\"wpb_gallery wpb_content_element vc_clearfix\"><div class=\"wpb_wrapper\"><div class=\"wpb_gallery_slides wpb_image_grid\" data-interval=\"3\"><ul class=\"wpb_image_grid_ul\"><li class=\"isotope-item\"><a class=\"\" href=\"https:\/\/timescork.com\/wp-content\/uploads\/DSC07724-1-1024x683.jpg\" data-lightbox=\"lightbox[rel-2522-2607324307]\" data-umami-event=\"link_click\" data-umami-event-url=\"https:\/\/timescork.com\/wp-content\/uploads\/DSC07724-1-1024x683.jpg\"><img loading=\"lazy\" decoding=\"async\" width=\"150\" height=\"150\" src=\"https:\/\/timescork.com\/wp-content\/uploads\/DSC07724-1-150x150.jpg\" class=\"attachment-thumbnail\" alt=\"\" srcset=\"https:\/\/timescork.com\/wp-content\/uploads\/DSC07724-1-150x150.jpg 150w, https:\/\/timescork.com\/wp-content\/uploads\/DSC07724-1-140x140.jpg 140w\" sizes=\"auto, (max-width: 150px) 100vw, 150px\"><\/a><\/li><li class=\"isotope-item\"><a class=\"\" href=\"https:\/\/timescork.com\/wp-content\/uploads\/DSC07430-1024x683.jpg\" data-lightbox=\"lightbox[rel-2522-2607324307]\" data-umami-event=\"link_click\" data-umami-event-url=\"https:\/\/timescork.com\/wp-content\/uploads\/DSC07430-1024x683.jpg\"><img loading=\"lazy\" decoding=\"async\" width=\"150\" height=\"150\" src=\"https:\/\/timescork.com\/wp-content\/uploads\/DSC07430-150x150.jpg\" class=\"attachment-thumbnail\" alt=\"\" srcset=\"https:\/\/timescork.com\/wp-content\/uploads\/DSC07430-150x150.jpg 150w, https:\/\/timescork.com\/wp-content\/uploads\/DSC07430-140x140.jpg 140w\" sizes=\"auto, (max-width: 150px) 100vw, 150px\"><\/a><\/li><li class=\"isotope-item\"><a class=\"\" href=\"https:\/\/timescork.com\/wp-content\/uploads\/DSC07661-1024x683.jpg\" data-lightbox=\"lightbox[rel-2522-2607324307]\" data-umami-event=\"link_click\" data-umami-event-url=\"https:\/\/timescork.com\/wp-content\/uploads\/DSC07661-1024x683.jpg\"><img loading=\"lazy\" decoding=\"async\" width=\"150\" height=\"150\" src=\"https:\/\/timescork.com\/wp-content\/uploads\/DSC07661-150x150.jpg\" class=\"attachment-thumbnail\" alt=\"\" srcset=\"https:\/\/timescork.com\/wp-content\/uploads\/DSC07661-150x150.jpg 150w, https:\/\/timescork.com\/wp-content\/uploads\/DSC07661-140x140.jpg 140w\" sizes=\"auto, (max-width: 150px) 100vw, 150px\"><\/a><\/li><li class=\"isotope-item\"><a class=\"\" href=\"https:\/\/timescork.com\/wp-content\/uploads\/DSC08089-1024x683.jpg\" data-lightbox=\"lightbox[rel-2522-2607324307]\" data-umami-event=\"link_click\" data-umami-event-url=\"https:\/\/timescork.com\/wp-content\/uploads\/DSC08089-1024x683.jpg\"><img loading=\"lazy\" decoding=\"async\" width=\"150\" height=\"150\" src=\"https:\/\/timescork.com\/wp-content\/uploads\/DSC08089-150x150.jpg\" class=\"attachment-thumbnail\" alt=\"\" srcset=\"https:\/\/timescork.com\/wp-content\/uploads\/DSC08089-150x150.jpg 150w, https:\/\/timescork.com\/wp-content\/uploads\/DSC08089-140x140.jpg 140w\" sizes=\"auto, (max-width: 150px) 100vw, 150px\"><\/a><\/li><li class=\"isotope-item\"><a class=\"\" href=\"https:\/\/timescork.com\/wp-content\/uploads\/DSC07887-2-1-1024x683.jpg\" data-lightbox=\"lightbox[rel-2522-2607324307]\" data-umami-event=\"link_click\" data-umami-event-url=\"https:\/\/timescork.com\/wp-content\/uploads\/DSC07887-2-1-1024x683.jpg\"><img loading=\"lazy\" decoding=\"async\" width=\"150\" height=\"150\" src=\"https:\/\/timescork.com\/wp-content\/uploads\/DSC07887-2-1-150x150.jpg\" class=\"attachment-thumbnail\" alt=\"\" srcset=\"https:\/\/timescork.com\/wp-content\/uploads\/DSC07887-2-1-150x150.jpg 150w, https:\/\/timescork.com\/wp-content\/uploads\/DSC07887-2-1-140x140.jpg 140w\" sizes=\"auto, (max-width: 150px) 100vw, 150px\"><\/a><\/li><li class=\"isotope-item\"><a class=\"\" href=\"https:\/\/timescork.com\/wp-content\/uploads\/DSC07977-1024x683.jpg\" data-lightbox=\"lightbox[rel-2522-2607324307]\" data-umami-event=\"link_click\" data-umami-event-url=\"https:\/\/timescork.com\/wp-content\/uploads\/DSC07977-1024x683.jpg\"><img loading=\"lazy\" decoding=\"async\" width=\"150\" height=\"150\" src=\"https:\/\/timescork.com\/wp-content\/uploads\/DSC07977-150x150.jpg\" class=\"attachment-thumbnail\" alt=\"\" srcset=\"https:\/\/timescork.com\/wp-content\/uploads\/DSC07977-150x150.jpg 150w, https:\/\/timescork.com\/wp-content\/uploads\/DSC07977-140x140.jpg 140w\" sizes=\"auto, (max-width: 150px) 100vw, 150px\"><\/a><\/li><li class=\"isotope-item\"><a class=\"\" href=\"https:\/\/timescork.com\/wp-content\/uploads\/DSC07534-1024x683.jpg\" data-lightbox=\"lightbox[rel-2522-2607324307]\" data-umami-event=\"link_click\" data-umami-event-url=\"https:\/\/timescork.com\/wp-content\/uploads\/DSC07534-1024x683.jpg\"><img loading=\"lazy\" decoding=\"async\" width=\"150\" height=\"150\" src=\"https:\/\/timescork.com\/wp-content\/uploads\/DSC07534-150x150.jpg\" class=\"attachment-thumbnail\" alt=\"\" srcset=\"https:\/\/timescork.com\/wp-content\/uploads\/DSC07534-150x150.jpg 150w, https:\/\/timescork.com\/wp-content\/uploads\/DSC07534-140x140.jpg 140w\" sizes=\"auto, (max-width: 150px) 100vw, 150px\"><\/a><\/li><\/ul><\/div><\/div><\/div><\/div><\/div><\/div><\/div>","protected":false},"excerpt":{"rendered":"\u00c0 PROPOS DE NOUS Timescork est sp\u00e9cialis\u00e9 dans la fourniture de bouchons de li\u00e8ge et de capsules de bouteilles pour divers secteurs d'activit\u00e9, tels que l'industrie du vin et autres. Nos bouchons et capsules r\u00e9pondent aux normes de performance les plus \u00e9lev\u00e9es pour tous les types de vins, champagnes et spiritueux, parmi d'autres produits, tels que<br class=\"read-more-spacer\"> <a class=\"more-link\" href=\"https:\/\/timescork.com\/fr\/a-propos-de-nous\/\">Lire la suite<\/a>","protected":false},"author":4,"featured_media":0,"parent":0,"menu_order":0,"comment_status":"closed","ping_status":"closed","template":"","meta":{"_monsterinsights_skip_tracking":false,"_monsterinsights_sitenote_active":false,"_monsterinsights_sitenote_note":"","_monsterinsights_sitenote_category":0,"footnotes":""},"class_list":["post-2522","page","type-page","status-publish","hentry"],"yoast_head":"<!-- This site is optimized with the Yoast SEO plugin v24.3 - https:\/\/yoast.com\/wordpress\/plugins\/seo\/ -->\n<title>Sobre N\u00f3s - Timescork<\/title>\n<meta name=\"robots\" content=\"index, follow, max-snippet:-1, max-image-preview:large, max-video-preview:-1\" \/>\n<link rel=\"canonical\" href=\"https:\/\/timescork.com\/fr\/a-propos-de-nous\/\" \/>\n<meta property=\"og:locale\" content=\"fr_FR\" \/>\n<meta property=\"og:type\" content=\"article\" \/>\n<meta property=\"og:title\" content=\"Sobre N\u00f3s - Timescork\" \/>\n<meta property=\"og:url\" content=\"https:\/\/timescork.com\/fr\/a-propos-de-nous\/\" \/>\n<meta property=\"og:site_name\" content=\"Timescork\" \/>\n<meta property=\"article:publisher\" content=\"https:\/\/www.facebook.com\/timescork\" \/>\n<meta property=\"article:modified_time\" content=\"2025-02-03T11:39:28+00:00\" \/>\n<meta property=\"og:image\" content=\"https:\/\/timescork.com\/wp-content\/uploads\/logotipo-timescork-original-200x50px.png\" \/>\n\t<meta property=\"og:image:width\" content=\"200\" \/>\n\t<meta property=\"og:image:height\" content=\"50\" \/>\n\t<meta property=\"og:image:type\" content=\"image\/png\" \/>\n<meta name=\"twitter:card\" content=\"summary_large_image\" \/>\n<script type=\"application\/ld+json\" class=\"yoast-schema-graph\">{\"@context\":\"https:\/\/schema.org\",\"@graph\":[{\"@type\":\"WebPage\",\"@id\":\"https:\/\/timescork.com\/sobre-nos\/\",\"url\":\"https:\/\/timescork.com\/sobre-nos\/\",\"name\":\"Sobre N\u00f3s - Timescork\",\"isPartOf\":{\"@id\":\"https:\/\/timescork.com\/#website\"},\"datePublished\":\"2021-07-16T15:14:21+00:00\",\"dateModified\":\"2025-02-03T11:39:28+00:00\",\"breadcrumb\":{\"@id\":\"https:\/\/timescork.com\/sobre-nos\/#breadcrumb\"},\"inLanguage\":\"fr-FR\",\"potentialAction\":[{\"@type\":\"ReadAction\",\"target\":[\"https:\/\/timescork.com\/sobre-nos\/\"]}]},{\"@type\":\"BreadcrumbList\",\"@id\":\"https:\/\/timescork.com\/sobre-nos\/#breadcrumb\",\"itemListElement\":[{\"@type\":\"ListItem\",\"position\":1,\"name\":\"In\u00edcio\",\"item\":\"https:\/\/timescork.com\/\"},{\"@type\":\"ListItem\",\"position\":2,\"name\":\"Sobre N\u00f3s\"}]},{\"@type\":\"WebSite\",\"@id\":\"https:\/\/timescork.com\/#website\",\"url\":\"https:\/\/timescork.com\/\",\"name\":\"Timescork\",\"description\":\"\",\"publisher\":{\"@id\":\"https:\/\/timescork.com\/#organization\"},\"potentialAction\":[{\"@type\":\"SearchAction\",\"target\":{\"@type\":\"EntryPoint\",\"urlTemplate\":\"https:\/\/timescork.com\/?s={search_term_string}\"},\"query-input\":{\"@type\":\"PropertyValueSpecification\",\"valueRequired\":true,\"valueName\":\"search_term_string\"}}],\"inLanguage\":\"fr-FR\"},{\"@type\":\"Organization\",\"@id\":\"https:\/\/timescork.com\/#organization\",\"name\":\"Timescork - Rolhas & C\u00e1psulas, Lda\",\"url\":\"https:\/\/timescork.com\/\",\"logo\":{\"@type\":\"ImageObject\",\"inLanguage\":\"fr-FR\",\"@id\":\"https:\/\/timescork.com\/#\/schema\/logo\/image\/\",\"url\":\"https:\/\/timescork.com\/wp-content\/uploads\/logotipo-timescork-original-200x50px.png\",\"contentUrl\":\"https:\/\/timescork.com\/wp-content\/uploads\/logotipo-timescork-original-200x50px.png\",\"width\":200,\"height\":50,\"caption\":\"Timescork - Rolhas & C\u00e1psulas, Lda\"},\"image\":{\"@id\":\"https:\/\/timescork.com\/#\/schema\/logo\/image\/\"},\"sameAs\":[\"https:\/\/www.facebook.com\/timescork\",\"https:\/\/www.instagram.com\/timescork.official\",\"https:\/\/www.linkedin.com\/in\/timescork-rolhas-e-c\u00e1psulas-1b1016220\"]}]}<\/script>\n<!-- \/ Yoast SEO plugin. -->","yoast_head_json":{"title":"Sobre N\u00f3s - Timescork","robots":{"index":"index","follow":"follow","max-snippet":"max-snippet:-1","max-image-preview":"max-image-preview:large","max-video-preview":"max-video-preview:-1"},"canonical":"https:\/\/timescork.com\/fr\/a-propos-de-nous\/","og_locale":"fr_FR","og_type":"article","og_title":"Sobre N\u00f3s - Timescork","og_url":"https:\/\/timescork.com\/fr\/a-propos-de-nous\/","og_site_name":"Timescork","article_publisher":"https:\/\/www.facebook.com\/timescork","article_modified_time":"2025-02-03T11:39:28+00:00","og_image":[{"width":200,"height":50,"url":"https:\/\/timescork.com\/wp-content\/uploads\/logotipo-timescork-original-200x50px.png","type":"image\/png"}],"twitter_card":"summary_large_image","schema":{"@context":"https:\/\/schema.org","@graph":[{"@type":"WebPage","@id":"https:\/\/timescork.com\/sobre-nos\/","url":"https:\/\/timescork.com\/sobre-nos\/","name":"Sobre N\u00f3s - Timescork","isPartOf":{"@id":"https:\/\/timescork.com\/#website"},"datePublished":"2021-07-16T15:14:21+00:00","dateModified":"2025-02-03T11:39:28+00:00","breadcrumb":{"@id":"https:\/\/timescork.com\/sobre-nos\/#breadcrumb"},"inLanguage":"fr-FR","potentialAction":[{"@type":"ReadAction","target":["https:\/\/timescork.com\/sobre-nos\/"]}]},{"@type":"BreadcrumbList","@id":"https:\/\/timescork.com\/sobre-nos\/#breadcrumb","itemListElement":[{"@type":"ListItem","position":1,"name":"In\u00edcio","item":"https:\/\/timescork.com\/"},{"@type":"ListItem","position":2,"name":"Sobre N\u00f3s"}]},{"@type":"WebSite","@id":"https:\/\/timescork.com\/#website","url":"https:\/\/timescork.com\/","name":"Timescork","description":"","publisher":{"@id":"https:\/\/timescork.com\/#organization"},"potentialAction":[{"@type":"SearchAction","target":{"@type":"EntryPoint","urlTemplate":"https:\/\/timescork.com\/?s={search_term_string}"},"query-input":{"@type":"PropertyValueSpecification","valueRequired":true,"valueName":"search_term_string"}}],"inLanguage":"fr-FR"},{"@type":"Organization","@id":"https:\/\/timescork.com\/#organization","name":"Timescork - Rolhas & C\u00e1psulas, Lda","url":"https:\/\/timescork.com\/","logo":{"@type":"ImageObject","inLanguage":"fr-FR","@id":"https:\/\/timescork.com\/#\/schema\/logo\/image\/","url":"https:\/\/timescork.com\/wp-content\/uploads\/logotipo-timescork-original-200x50px.png","contentUrl":"https:\/\/timescork.com\/wp-content\/uploads\/logotipo-timescork-original-200x50px.png","width":200,"height":50,"caption":"Timescork - Rolhas & C\u00e1psulas, Lda"},"image":{"@id":"https:\/\/timescork.com\/#\/schema\/logo\/image\/"},"sameAs":["https:\/\/www.facebook.com\/timescork","https:\/\/www.instagram.com\/timescork.official","https:\/\/www.linkedin.com\/in\/timescork-rolhas-e-c\u00e1psulas-1b1016220"]}]}},"_links":{"self":[{"href":"https:\/\/timescork.com\/fr\/wp-json\/wp\/v2\/pages\/2522","targetHints":{"allow":["GET"]}}],"collection":[{"href":"https:\/\/timescork.com\/fr\/wp-json\/wp\/v2\/pages"}],"about":[{"href":"https:\/\/timescork.com\/fr\/wp-json\/wp\/v2\/types\/page"}],"author":[{"embeddable":true,"href":"https:\/\/timescork.com\/fr\/wp-json\/wp\/v2\/users\/4"}],"replies":[{"embeddable":true,"href":"https:\/\/timescork.com\/fr\/wp-json\/wp\/v2\/comments?post=2522"}],"version-history":[{"count":0,"href":"https:\/\/timescork.com\/fr\/wp-json\/wp\/v2\/pages\/2522\/revisions"}],"wp:attachment":[{"href":"https:\/\/timescork.com\/fr\/wp-json\/wp\/v2\/media?parent=2522"}],"curies":[{"name":"wp","href":"https:\/\/api.w.org\/{rel}","templated":true}]}}