{"id":1259,"date":"2017-03-03T09:47:03","date_gmt":"2017-03-03T09:47:03","guid":{"rendered":"http:\/\/okthemes.com\/villenoirdemonew\/?page_id=1259"},"modified":"2025-01-22T16:34:55","modified_gmt":"2025-01-22T16:34:55","slug":"homepage-v2","status":"publish","type":"page","link":"https:\/\/timescork.com\/fr\/","title":{"rendered":"Page d'accueil"},"content":{"rendered":"<div data-vc-full-width=\"true\" data-vc-full-width-init=\"false\" class=\"vc_row wpb_row vc_row-fluid\"><div class=\"wpb_column vc_column_container vc_col-sm-12\"><div class=\"vc_column-inner\"><div class=\"wpb_wrapper\"><div class=\"vc_row wpb_row vc_inner vc_row-fluid vc_row-o-equal-height vc_row-o-content-middle vc_row-flex\"><div class=\"wpb_column vc_column_container vc_col-sm-6\"><div class=\"vc_column-inner vc_custom_1488885265853\"><div class=\"wpb_wrapper\">\n\t<div class=\"title-subtitle-box\" style=\" text-align: left;\">\n\t\t<p style=\"\">TIMESCORK<\/p>\n\t\t<h1 style=\" color:#3f3e3b;  font-style: normal;\">Personnalit\u00e9<\/h1>\n\t<\/div> \n\t<div class=\"wpb_text_column wpb_content_element\">\n\t\t<div class=\"wpb_wrapper\">\n\t\t\t<p>Timescork est une entreprise portugaise qui se consacre \u00e0 la fabrication et \u00e0 la commercialisation de produits en li\u00e8ge.<br>\nSp\u00e9cifiquement des bouchons de li\u00e8ge pour l'industrie du vin.<\/p>\n<p>Nous nous effor\u00e7ons d'offrir des conseils et un soutien personnalis\u00e9s, dans votre int\u00e9r\u00eat et pour la qualit\u00e9 de vos produits.<\/p>\n\n\t\t<\/div>\n\t<\/div>\n\n\t<div class=\"wpb_single_image wpb_content_element vc_align_left  wpb_animate_when_almost_visible wpb_fadeIn fadeIn vc_custom_1626345598742\">\n\t\t\n\t\t<figure class=\"wpb_wrapper vc_figure\">\n\t\t\t<div class=\"vc_single_image-wrapper vc_box_rounded  vc_box_border_grey\"><\/div>\n\t\t<\/figure>\n\t<\/div>\n<\/div><\/div><\/div><div class=\"wpb_column vc_column_container vc_col-sm-6\"><div class=\"vc_column-inner\"><div class=\"wpb_wrapper\">\n\t<div class=\"wpb_single_image wpb_content_element vc_align_left  wpb_animate_when_almost_visible wpb_fadeIn fadeIn vc_custom_1647998046112\">\n\t\t\n\t\t<figure class=\"wpb_wrapper vc_figure\">\n\t\t\t<div class=\"vc_single_image-wrapper vc_box_rounded  vc_box_border_grey\"><img loading=\"lazy\" decoding=\"async\" width=\"1200\" height=\"800\" src=\"https:\/\/timescork.com\/wp-content\/uploads\/tradicao-timescork-05.jpg\" class=\"vc_single_image-img attachment-full\" alt=\"\" srcset=\"https:\/\/timescork.com\/wp-content\/uploads\/tradicao-timescork-05.jpg 1200w, https:\/\/timescork.com\/wp-content\/uploads\/tradicao-timescork-05-300x200.jpg 300w, https:\/\/timescork.com\/wp-content\/uploads\/tradicao-timescork-05-1024x683.jpg 1024w, https:\/\/timescork.com\/wp-content\/uploads\/tradicao-timescork-05-768x512.jpg 768w\" sizes=\"auto, (max-width: 1200px) 100vw, 1200px\"><\/div>\n\t\t<\/figure>\n\t<\/div>\n<\/div><\/div><\/div><\/div><\/div><\/div><\/div><\/div><div class=\"vc_row-full-width vc_clearfix\"><\/div><div data-vc-full-width=\"true\" data-vc-full-width-init=\"false\" class=\"vc_row wpb_row vc_row-fluid vc_custom_1631203874049 vc_row-has-fill\"><div class=\"wpb_column vc_column_container vc_col-sm-12\"><div class=\"vc_column-inner\"><div class=\"wpb_wrapper\"><div class=\"vc_row wpb_row vc_inner vc_row-fluid\"><div class=\"wpb_column vc_column_container vc_col-sm-7 vc_col-lg-8 vc_col-md-8\"><div class=\"vc_column-inner\"><div class=\"wpb_wrapper\">\n\t<div class=\"wpb_single_image wpb_content_element vc_align_left  wpb_animate_when_almost_visible wpb_bounceInLeft bounceInLeft vc_custom_1647996554380  rolha-mobile\">\n\t\t\n\t\t<figure class=\"wpb_wrapper vc_figure\">\n\t\t\t<div class=\"vc_single_image-wrapper vc_box_rounded  vc_box_border_grey\"><img loading=\"lazy\" decoding=\"async\" width=\"850\" height=\"917\" src=\"https:\/\/timescork.com\/wp-content\/uploads\/tradicao-timescork-03.jpg\" class=\"vc_single_image-img attachment-full\" alt=\"\" srcset=\"https:\/\/timescork.com\/wp-content\/uploads\/tradicao-timescork-03.jpg 850w, https:\/\/timescork.com\/wp-content\/uploads\/tradicao-timescork-03-278x300.jpg 278w, https:\/\/timescork.com\/wp-content\/uploads\/tradicao-timescork-03-768x829.jpg 768w\" sizes=\"auto, (max-width: 850px) 100vw, 850px\"><\/div>\n\t\t<\/figure>\n\t<\/div>\n<\/div><\/div><\/div><div class=\"wpb_column vc_column_container vc_col-sm-5 vc_col-lg-4 vc_col-md-4 vc_col-has-fill\"><div class=\"vc_column-inner vc_custom_1634907675579\"><div class=\"wpb_wrapper\">\n\t<div class=\"title-subtitle-box\" style=\" text-align: left;\">\n\t\t<p style=\"\">TIMESCORK<\/p>\n\t\t<h1 style=\" font-style: normal; text-transform: capitalize;\">La tradition<\/h1>\n\t<\/div> \n\t<div class=\"wpb_text_column wpb_content_element\">\n\t\t<div class=\"wpb_wrapper\">\n\t\t\t<p>Nous perp\u00e9tuons le bouchon de li\u00e8ge en tant que scellage de choix.<br>\nNous travaillons avec chaque bouchon de li\u00e8ge comme un corps unique et incomparable, en respectant les normes de qualit\u00e9 et de s\u00e9curit\u00e9 alimentaire, offrant \u00e0 nos clients des garanties de qualit\u00e9 exceptionnelles. Pour nous. Pour le vin. Pour le plaisir de le boire.<\/p>\n\n\t\t<\/div>\n\t<\/div>\n<div class=\"vc_btn3-container  wpb_animate_when_almost_visible wpb_fadeIn fadeIn vc_btn3-center vc_custom_1626431766888\"><button onmouseleave=\"this.style.borderColor='#ffffff'; this.style.backgroundColor='transparent'; this.style.color='#ffffff'\" onmouseenter=\"this.style.borderColor='#3f3e3b'; this.style.backgroundColor='#3f3e3b'; this.style.color='#ffffff';\" style=\"border-color:#ffffff; color:#ffffff;\" class=\"vc_general vc_btn3 vc_btn3-size-md vc_btn3-shape-square vc_btn3-style-outline-custom vc_btn3-block\">En savoir plus<\/button><\/div>\n\t<div class=\"wpb_text_column wpb_content_element  vc_custom_1667920988439\">\n\t\t<div class=\"wpb_wrapper\">\n\t\t\t<p style=\"text-align: center;\">Parler \u00e0 un expert<\/p>\n<p style=\"color: #b7603e; text-align: center;\"><a href=\"http:\/\/+351256784801\" data-umami-event=\"link:(+351) 256 024 801\" data-umami-event-url=\"http:\/\/+351256784801\">(+351) 256 024 801<\/a><\/p>\n\n\t\t<\/div>\n\t<\/div>\n<\/div><\/div><\/div><\/div><\/div><\/div><\/div><\/div><div class=\"vc_row-full-width vc_clearfix\"><\/div><div data-vc-full-width=\"true\" data-vc-full-width-init=\"false\" class=\"vc_row wpb_row vc_row-fluid\"><div class=\"wpb_column vc_column_container vc_col-sm-12\"><div class=\"vc_column-inner\"><div class=\"wpb_wrapper\"><div class=\"vc_row wpb_row vc_inner vc_row-fluid vc_row-o-equal-height vc_row-o-content-middle vc_row-flex\"><div class=\"wpb_column vc_column_container vc_col-sm-6\"><div class=\"vc_column-inner vc_custom_1488885265853\"><div class=\"wpb_wrapper\">\n\t<div class=\"title-subtitle-box\" style=\" text-align: left;\">\n\t\t<p style=\"\">TIMESCORK<\/p>\n\t\t<h1 style=\" color:#3f3e3b;  font-style: normal;\">Sustentabilit\u00e9<\/h1>\n\t<\/div> \n\t<div class=\"wpb_text_column wpb_content_element\">\n\t\t<div class=\"wpb_wrapper\">\n\t\t\t<p>Les strat\u00e9gies de Timescork comprennent des lignes directrices qui contribuent au d\u00e9veloppement sustentable et \u00e0 la construction d'un avenir plus prometteur dans ses diff\u00e9rents domaines : Environnemental, Social et \u00c9conomique. Nous contribuons \u00e0 une \u00e9conomie circulaire sustentable. Nous sommes les \"micro-poumons\" des vins et les \"capteurs\" de CO2 de l'environnement.<\/p>\n<p>Nous participons \u00e0 l'\u00e9quilibre de la nature et au maintien des<br>\n\u00e9cosyst\u00e8mes.<\/p>\n\n\t\t<\/div>\n\t<\/div>\n<\/div><\/div><\/div><div class=\"wpb_column vc_column_container vc_col-sm-6\"><div class=\"vc_column-inner\"><div class=\"wpb_wrapper\">\n\t<div class=\"wpb_single_image wpb_content_element vc_align_left  wpb_animate_when_almost_visible wpb_fadeIn fadeIn vc_custom_1648042090188\">\n\t\t\n\t\t<figure class=\"wpb_wrapper vc_figure\">\n\t\t\t<div class=\"vc_single_image-wrapper vc_box_rounded  vc_box_border_grey\"><img loading=\"lazy\" decoding=\"async\" width=\"1280\" height=\"854\" src=\"https:\/\/timescork.com\/wp-content\/uploads\/home3.jpg\" class=\"vc_single_image-img attachment-full\" alt=\"\" srcset=\"https:\/\/timescork.com\/wp-content\/uploads\/home3.jpg 1280w, https:\/\/timescork.com\/wp-content\/uploads\/home3-300x200.jpg 300w, https:\/\/timescork.com\/wp-content\/uploads\/home3-1024x683.jpg 1024w, https:\/\/timescork.com\/wp-content\/uploads\/home3-768x512.jpg 768w\" sizes=\"auto, (max-width: 1280px) 100vw, 1280px\"><\/div>\n\t\t<\/figure>\n\t<\/div>\n<\/div><\/div><\/div><\/div><\/div><\/div><\/div><\/div><div class=\"vc_row-full-width vc_clearfix\"><\/div>","protected":false},"excerpt":{"rendered":"TIMESCORK Personnalit\u00e9 Timescork est une entreprise portugaise qui se consacre \u00e0 la fabrication et \u00e0 la commercialisation de produits en li\u00e8ge, en particulier de bouchons en li\u00e8ge pour l'industrie du vin. Nous nous effor\u00e7ons d'offrir des conseils et un soutien personnalis\u00e9s, pour votre b\u00e9n\u00e9fice et la qualit\u00e9 de vos produits. TIMESCORK Tradition Nous perp\u00e9tuons le bouchon de li\u00e8ge en tant que fermeture de choix.<br class=\"read-more-spacer\"> <a class=\"more-link\" href=\"https:\/\/timescork.com\/fr\/\">Lire la suite<\/a>","protected":false},"author":4,"featured_media":0,"parent":0,"menu_order":0,"comment_status":"closed","ping_status":"closed","template":"","meta":{"_monsterinsights_skip_tracking":false,"_monsterinsights_sitenote_active":false,"_monsterinsights_sitenote_note":"","_monsterinsights_sitenote_category":0,"footnotes":""},"class_list":["post-1259","page","type-page","status-publish","hentry"],"yoast_head":"<!-- This site is optimized with the Yoast SEO plugin v24.3 - https:\/\/yoast.com\/wordpress\/plugins\/seo\/ -->\n<title>Timescork - Rolhas &amp; C\u00e1psulas, Lda<\/title>\n<meta name=\"description\" content=\"A Timescork \u00e9 uma ind\u00fastria que fabrica e fornece rolhas, vedantes de corti\u00e7a e c\u00e1psulas para garrafas e outras \u00e1rea de neg\u00f3cio.\" \/>\n<meta name=\"robots\" content=\"index, follow, max-snippet:-1, max-image-preview:large, max-video-preview:-1\" \/>\n<link rel=\"canonical\" href=\"https:\/\/timescork.com\/fr\/\" \/>\n<meta property=\"og:locale\" content=\"fr_FR\" \/>\n<meta property=\"og:type\" content=\"article\" \/>\n<meta property=\"og:title\" content=\"Timescork - Rolhas &amp; C\u00e1psulas, Lda\" \/>\n<meta property=\"og:description\" content=\"A Timescork \u00e9 uma ind\u00fastria que fabrica e fornece rolhas, vedantes de corti\u00e7a e c\u00e1psulas para garrafas e outras \u00e1rea de neg\u00f3cio.\" \/>\n<meta property=\"og:url\" content=\"https:\/\/timescork.com\/fr\/\" \/>\n<meta property=\"og:site_name\" content=\"Timescork\" \/>\n<meta property=\"article:publisher\" content=\"https:\/\/www.facebook.com\/timescork\" \/>\n<meta property=\"article:modified_time\" content=\"2025-01-22T16:34:55+00:00\" \/>\n<meta property=\"og:image\" content=\"https:\/\/timescork.com\/wp-content\/uploads\/logotipo-timescork-original-200x50px.png\" \/>\n\t<meta property=\"og:image:width\" content=\"200\" \/>\n\t<meta property=\"og:image:height\" content=\"50\" \/>\n\t<meta property=\"og:image:type\" content=\"image\/png\" \/>\n<meta name=\"twitter:card\" content=\"summary_large_image\" \/>\n<script type=\"application\/ld+json\" class=\"yoast-schema-graph\">{\"@context\":\"https:\/\/schema.org\",\"@graph\":[{\"@type\":\"WebPage\",\"@id\":\"https:\/\/timescork.com\/\",\"url\":\"https:\/\/timescork.com\/\",\"name\":\"Timescork - Rolhas & C\u00e1psulas, Lda\",\"isPartOf\":{\"@id\":\"https:\/\/timescork.com\/#website\"},\"datePublished\":\"2017-03-03T09:47:03+00:00\",\"dateModified\":\"2025-01-22T16:34:55+00:00\",\"description\":\"A Timescork \u00e9 uma ind\u00fastria que fabrica e fornece rolhas, vedantes de corti\u00e7a e c\u00e1psulas para garrafas e outras \u00e1rea de neg\u00f3cio.\",\"breadcrumb\":{\"@id\":\"https:\/\/timescork.com\/#breadcrumb\"},\"inLanguage\":\"fr-FR\",\"potentialAction\":[{\"@type\":\"ReadAction\",\"target\":[\"https:\/\/timescork.com\/\"]}]},{\"@type\":\"BreadcrumbList\",\"@id\":\"https:\/\/timescork.com\/#breadcrumb\",\"itemListElement\":[{\"@type\":\"ListItem\",\"position\":1,\"name\":\"In\u00edcio\",\"item\":\"https:\/\/timescork.com\/\"},{\"@type\":\"ListItem\",\"position\":2,\"name\":\"P\u00e1gina Inicial\"}]},{\"@type\":\"WebSite\",\"@id\":\"https:\/\/timescork.com\/#website\",\"url\":\"https:\/\/timescork.com\/\",\"name\":\"Timescork\",\"description\":\"\",\"publisher\":{\"@id\":\"https:\/\/timescork.com\/#organization\"},\"potentialAction\":[{\"@type\":\"SearchAction\",\"target\":{\"@type\":\"EntryPoint\",\"urlTemplate\":\"https:\/\/timescork.com\/?s={search_term_string}\"},\"query-input\":{\"@type\":\"PropertyValueSpecification\",\"valueRequired\":true,\"valueName\":\"search_term_string\"}}],\"inLanguage\":\"fr-FR\"},{\"@type\":\"Organization\",\"@id\":\"https:\/\/timescork.com\/#organization\",\"name\":\"Timescork - Rolhas & C\u00e1psulas, Lda\",\"url\":\"https:\/\/timescork.com\/\",\"logo\":{\"@type\":\"ImageObject\",\"inLanguage\":\"fr-FR\",\"@id\":\"https:\/\/timescork.com\/#\/schema\/logo\/image\/\",\"url\":\"https:\/\/timescork.com\/wp-content\/uploads\/logotipo-timescork-original-200x50px.png\",\"contentUrl\":\"https:\/\/timescork.com\/wp-content\/uploads\/logotipo-timescork-original-200x50px.png\",\"width\":200,\"height\":50,\"caption\":\"Timescork - Rolhas & C\u00e1psulas, Lda\"},\"image\":{\"@id\":\"https:\/\/timescork.com\/#\/schema\/logo\/image\/\"},\"sameAs\":[\"https:\/\/www.facebook.com\/timescork\",\"https:\/\/www.instagram.com\/timescork.official\",\"https:\/\/www.linkedin.com\/in\/timescork-rolhas-e-c\u00e1psulas-1b1016220\"]}]}<\/script>\n<!-- \/ Yoast SEO plugin. -->","yoast_head_json":{"title":"Timescork - Rolhas & C\u00e1psulas, Lda","description":"A Timescork \u00e9 uma ind\u00fastria que fabrica e fornece rolhas, vedantes de corti\u00e7a e c\u00e1psulas para garrafas e outras \u00e1rea de neg\u00f3cio.","robots":{"index":"index","follow":"follow","max-snippet":"max-snippet:-1","max-image-preview":"max-image-preview:large","max-video-preview":"max-video-preview:-1"},"canonical":"https:\/\/timescork.com\/fr\/","og_locale":"fr_FR","og_type":"article","og_title":"Timescork - Rolhas & C\u00e1psulas, Lda","og_description":"A Timescork \u00e9 uma ind\u00fastria que fabrica e fornece rolhas, vedantes de corti\u00e7a e c\u00e1psulas para garrafas e outras \u00e1rea de neg\u00f3cio.","og_url":"https:\/\/timescork.com\/fr\/","og_site_name":"Timescork","article_publisher":"https:\/\/www.facebook.com\/timescork","article_modified_time":"2025-01-22T16:34:55+00:00","og_image":[{"width":200,"height":50,"url":"https:\/\/timescork.com\/wp-content\/uploads\/logotipo-timescork-original-200x50px.png","type":"image\/png"}],"twitter_card":"summary_large_image","schema":{"@context":"https:\/\/schema.org","@graph":[{"@type":"WebPage","@id":"https:\/\/timescork.com\/","url":"https:\/\/timescork.com\/","name":"Timescork - Rolhas & C\u00e1psulas, Lda","isPartOf":{"@id":"https:\/\/timescork.com\/#website"},"datePublished":"2017-03-03T09:47:03+00:00","dateModified":"2025-01-22T16:34:55+00:00","description":"A Timescork \u00e9 uma ind\u00fastria que fabrica e fornece rolhas, vedantes de corti\u00e7a e c\u00e1psulas para garrafas e outras \u00e1rea de neg\u00f3cio.","breadcrumb":{"@id":"https:\/\/timescork.com\/#breadcrumb"},"inLanguage":"fr-FR","potentialAction":[{"@type":"ReadAction","target":["https:\/\/timescork.com\/"]}]},{"@type":"BreadcrumbList","@id":"https:\/\/timescork.com\/#breadcrumb","itemListElement":[{"@type":"ListItem","position":1,"name":"In\u00edcio","item":"https:\/\/timescork.com\/"},{"@type":"ListItem","position":2,"name":"P\u00e1gina Inicial"}]},{"@type":"WebSite","@id":"https:\/\/timescork.com\/#website","url":"https:\/\/timescork.com\/","name":"Timescork","description":"","publisher":{"@id":"https:\/\/timescork.com\/#organization"},"potentialAction":[{"@type":"SearchAction","target":{"@type":"EntryPoint","urlTemplate":"https:\/\/timescork.com\/?s={search_term_string}"},"query-input":{"@type":"PropertyValueSpecification","valueRequired":true,"valueName":"search_term_string"}}],"inLanguage":"fr-FR"},{"@type":"Organization","@id":"https:\/\/timescork.com\/#organization","name":"Timescork - Rolhas & C\u00e1psulas, Lda","url":"https:\/\/timescork.com\/","logo":{"@type":"ImageObject","inLanguage":"fr-FR","@id":"https:\/\/timescork.com\/#\/schema\/logo\/image\/","url":"https:\/\/timescork.com\/wp-content\/uploads\/logotipo-timescork-original-200x50px.png","contentUrl":"https:\/\/timescork.com\/wp-content\/uploads\/logotipo-timescork-original-200x50px.png","width":200,"height":50,"caption":"Timescork - Rolhas & C\u00e1psulas, Lda"},"image":{"@id":"https:\/\/timescork.com\/#\/schema\/logo\/image\/"},"sameAs":["https:\/\/www.facebook.com\/timescork","https:\/\/www.instagram.com\/timescork.official","https:\/\/www.linkedin.com\/in\/timescork-rolhas-e-c\u00e1psulas-1b1016220"]}]}},"_links":{"self":[{"href":"https:\/\/timescork.com\/fr\/wp-json\/wp\/v2\/pages\/1259","targetHints":{"allow":["GET"]}}],"collection":[{"href":"https:\/\/timescork.com\/fr\/wp-json\/wp\/v2\/pages"}],"about":[{"href":"https:\/\/timescork.com\/fr\/wp-json\/wp\/v2\/types\/page"}],"author":[{"embeddable":true,"href":"https:\/\/timescork.com\/fr\/wp-json\/wp\/v2\/users\/4"}],"replies":[{"embeddable":true,"href":"https:\/\/timescork.com\/fr\/wp-json\/wp\/v2\/comments?post=1259"}],"version-history":[{"count":0,"href":"https:\/\/timescork.com\/fr\/wp-json\/wp\/v2\/pages\/1259\/revisions"}],"wp:attachment":[{"href":"https:\/\/timescork.com\/fr\/wp-json\/wp\/v2\/media?parent=1259"}],"curies":[{"name":"wp","href":"https:\/\/api.w.org\/{rel}","templated":true}]}}