{"id":3399,"date":"2025-02-16T23:14:32","date_gmt":"2025-02-16T23:14:32","guid":{"rendered":"https:\/\/timescork.com\/?post_type=product&#038;p=3399"},"modified":"2025-02-28T14:55:42","modified_gmt":"2025-02-28T14:55:42","slug":"capsulas-para-garrafas","status":"publish","type":"product","link":"https:\/\/timescork.com\/en\/product\/bottle-caps\/","title":{"rendered":"Protection. Image."},"content":{"rendered":"<div id=\"rolhasnaturaisprime\" data-vc-full-width=\"true\" data-vc-full-width-init=\"false\" class=\"vc_row wpb_row vc_row-fluid vc_custom_1634912232611 vc_row-has-fill\"><div class=\"wpb_column vc_column_container vc_col-sm-6\"><div class=\"vc_column-inner\"><div class=\"wpb_wrapper\">\n\t<div class=\"title-subtitle-box\" style=\" text-align: left;\">\n\t\t<h1 style=\" font-style: normal;\">Sparkling Wine Hoods<\/h1>\n\t<\/div> \n\t<div class=\"wpb_text_column wpb_content_element  vc_custom_1739758476801\">\n\t\t<div class=\"wpb_wrapper\">\n\t\t\t<p>Sparkling wine hoods are part of the presentation of champagne, sparkling and semi-sparkling wine bottles. They complement the protection offered by the muselet wire, guaranteeing sophisticated aesthetics and personalisation of the packaging.<\/p>\n<p><em><strong>Dimensions:<\/strong><\/em><br>\nAdjusted to the size of the product on request.<\/p>\n<p><strong><em>Colors and finishes:<\/em><\/strong><br>\nColors according to selected Pantones or produced in transparent PET. Possibility of a matt and\/or glossy finish.<\/p>\n<p style=\"margin-top: 50px;\">View Datasheet \"<\/p>\n\n\t\t<\/div>\n\t<\/div>\n<\/div><\/div><\/div><div class=\"wpb_column vc_column_container vc_col-sm-6\"><div class=\"vc_column-inner\"><div class=\"wpb_wrapper\">\n\t<div class=\"wpb_single_image wpb_content_element vc_align_left  vc_custom_1739749826854\">\n\t\t\n\t\t<figure class=\"wpb_wrapper vc_figure\">\n\t\t\t<div class=\"vc_single_image-wrapper   vc_box_border_grey\"><img loading=\"lazy\" decoding=\"async\" width=\"2000\" height=\"1280\" src=\"https:\/\/timescork.com\/wp-content\/uploads\/20220323_170702_ccexpress_nova2.png\" class=\"vc_single_image-img attachment-full\" alt=\"\" srcset=\"https:\/\/timescork.com\/wp-content\/uploads\/20220323_170702_ccexpress_nova2.png 2000w, https:\/\/timescork.com\/wp-content\/uploads\/20220323_170702_ccexpress_nova2-300x192.png 300w, https:\/\/timescork.com\/wp-content\/uploads\/20220323_170702_ccexpress_nova2-1024x655.png 1024w, https:\/\/timescork.com\/wp-content\/uploads\/20220323_170702_ccexpress_nova2-768x492.png 768w, https:\/\/timescork.com\/wp-content\/uploads\/20220323_170702_ccexpress_nova2-1536x983.png 1536w\" sizes=\"auto, (max-width: 2000px) 100vw, 2000px\"><\/div>\n\t\t<\/figure>\n\t<\/div>\n<\/div><\/div><\/div><\/div><div class=\"vc_row-full-width vc_clearfix\"><\/div><div class=\"vc_row wpb_row vc_row-fluid\"><div class=\"wpb_column vc_column_container vc_col-sm-6\"><div class=\"vc_column-inner\"><div class=\"wpb_wrapper\">\n\t<div class=\"wpb_single_image wpb_content_element vc_align_left  vc_custom_1739749708108\">\n\t\t\n\t\t<figure class=\"wpb_wrapper vc_figure\">\n\t\t\t<div class=\"vc_single_image-wrapper   vc_box_border_grey\"><img loading=\"lazy\" decoding=\"async\" width=\"5308\" height=\"3538\" src=\"https:\/\/timescork.com\/wp-content\/uploads\/IMG_8032_ccexpress.png\" class=\"vc_single_image-img attachment-full\" alt=\"\" srcset=\"https:\/\/timescork.com\/wp-content\/uploads\/IMG_8032_ccexpress.png 5308w, https:\/\/timescork.com\/wp-content\/uploads\/IMG_8032_ccexpress-300x200.png 300w, https:\/\/timescork.com\/wp-content\/uploads\/IMG_8032_ccexpress-1024x683.png 1024w, https:\/\/timescork.com\/wp-content\/uploads\/IMG_8032_ccexpress-768x512.png 768w, https:\/\/timescork.com\/wp-content\/uploads\/IMG_8032_ccexpress-1536x1024.png 1536w, https:\/\/timescork.com\/wp-content\/uploads\/IMG_8032_ccexpress-2048x1365.png 2048w\" sizes=\"auto, (max-width: 5308px) 100vw, 5308px\"><\/div>\n\t\t<\/figure>\n\t<\/div>\n<div class=\"vc_empty_space\" style=\"height: 96px\"><span class=\"vc_empty_space_inner\"><\/span><\/div><\/div><\/div><\/div><div class=\"wpb_column vc_column_container vc_col-sm-6\"><div class=\"vc_column-inner\"><div class=\"wpb_wrapper\">\n\t<div class=\"title-subtitle-box\" style=\" text-align: left;\">\n\t\t<h1 style=\" font-style: normal;\">Polylaminate capsules<\/h1>\n\t<\/div> \n\t<div class=\"wpb_text_column wpb_content_element\">\n\t\t<div class=\"wpb_wrapper\">\n\t\t\t<p>Guarantee capsules made up of a skirt in laminated material consisting of a layer of polyethylene between two layers of aluminum and an aluminum disc on top. They give the product an elegant and distinctive image. They are widely used in mid-range and premium quality wines.<\/p>\n<p><em><strong>Dimensions:<\/strong><\/em><br>\nFor other custom sizes, please contact us.<\/p>\n<p><em><strong>Colors and finishes:<\/strong><\/em><br>\nColors according to selected Pantones or produced in transparent PET. Possibility of a matt and\/or glossy finish.<\/p>\n<p style=\"margin-top: 50px;\"><a class=\"b-ficatecnica\" href=\"https:\/\/timescork.com\/wp-content\/uploads\/Timescork-Rolhas-Naturais-PT-.pdf\" data-umami-event=\"link:Ver Ficha T\u00e9cnica \u00bb\" data-umami-event-url=\"https:\/\/timescork.com\/wp-content\/uploads\/Timescork-Rolhas-Naturais-PT-.pdf\">View Datasheet \"<\/a><\/p>\n\n\t\t<\/div>\n\t<\/div>\n<\/div><\/div><\/div><\/div><div data-vc-full-width=\"true\" data-vc-full-width-init=\"false\" class=\"vc_row wpb_row vc_row-fluid vc_custom_1739750128925 vc_row-has-fill\"><div class=\"wpb_column vc_column_container vc_col-sm-6\"><div class=\"vc_column-inner\"><div class=\"wpb_wrapper\">\n\t<div class=\"title-subtitle-box\" style=\" text-align: left;\">\n\t\t<h1 style=\" font-style: normal;\">PVC capsules<\/h1>\n\t<\/div> \n\t<div class=\"wpb_text_column wpb_content_element  vc_custom_1739749580544\">\n\t\t<div class=\"wpb_wrapper\">\n\t\t\t<p>Capsules consisting of a polyvinyl chloride (PVC) skirt, with or without an aluminum disc on top. Retractable and highly customizable, they are the most economical solution for sealing wines, spirits and olive oils.<\/p>\n<p><em><strong>Dimensions:<\/strong><\/em><br>\nDimensions adjusted to the size of the product on request.<\/p>\n<p><em><strong>Colors and finishes:<\/strong><\/em><br>\nColors according to selected Pantones;<br>\nPossibility of production in transparent PVC;<br>\nMatte and\/or glossy finish.<\/p>\n<p style=\"margin-top: 50px;\"><a class=\"b-ficatecnica\" href=\"https:\/\/timescork.com\/wp-content\/uploads\/Timescork-Rolhas-Naturais-Prime-PT.pdf\" data-umami-event=\"link:Ver Ficha T\u00e9cnica \u00bb\" data-umami-event-url=\"https:\/\/timescork.com\/wp-content\/uploads\/Timescork-Rolhas-Naturais-Prime-PT.pdf\">View Datasheet \"<\/a><\/p>\n\n\t\t<\/div>\n\t<\/div>\n<\/div><\/div><\/div><div class=\"wpb_column vc_column_container vc_col-sm-6\"><div class=\"vc_column-inner\"><div class=\"wpb_wrapper\">\n\t<div class=\"wpb_single_image wpb_content_element vc_align_left  vc_custom_1739749868186\">\n\t\t\n\t\t<figure class=\"wpb_wrapper vc_figure\">\n\t\t\t<div class=\"vc_single_image-wrapper   vc_box_border_grey\"><img loading=\"lazy\" decoding=\"async\" width=\"1024\" height=\"683\" src=\"https:\/\/timescork.com\/wp-content\/uploads\/timescork-capsulas-pvc.png\" class=\"vc_single_image-img attachment-full\" alt=\"\" srcset=\"https:\/\/timescork.com\/wp-content\/uploads\/timescork-capsulas-pvc.png 1024w, https:\/\/timescork.com\/wp-content\/uploads\/timescork-capsulas-pvc-300x200.png 300w, https:\/\/timescork.com\/wp-content\/uploads\/timescork-capsulas-pvc-768x512.png 768w\" sizes=\"auto, (max-width: 1024px) 100vw, 1024px\"><\/div>\n\t\t<\/figure>\n\t<\/div>\n<div class=\"vc_empty_space\" style=\"height: 96px\"><span class=\"vc_empty_space_inner\"><\/span><\/div><\/div><\/div><\/div><\/div><div class=\"vc_row-full-width vc_clearfix\"><\/div>","protected":false},"excerpt":{"rendered":"<p>Bottle Capsules offer a premium protection, and presentation function for wines, spirits and other bottled beverages.<\/p>\n<p>At Timescork we commercialise Polylaminate and PVC capsules with various characteristics. Tell us about your prototype.<\/p>","protected":false},"featured_media":3124,"comment_status":"closed","ping_status":"closed","template":"","meta":{"_monsterinsights_skip_tracking":false,"_monsterinsights_sitenote_active":false,"_monsterinsights_sitenote_note":"","_monsterinsights_sitenote_category":0},"class_list":["post-3399","product","type-product","status-publish","has-post-thumbnail","hentry","product_cat-capsulas-para-garrafas"],"yoast_head":"<!-- This site is optimized with the Yoast SEO plugin v24.3 - https:\/\/yoast.com\/wordpress\/plugins\/seo\/ -->\n<title>Prote\u00e7\u00e3o. Imagem. - Timescork<\/title>\n<meta name=\"robots\" content=\"index, follow, max-snippet:-1, max-image-preview:large, max-video-preview:-1\" \/>\n<link rel=\"canonical\" href=\"https:\/\/timescork.com\/en\/product\/bottle-caps\/\" \/>\n<meta property=\"og:locale\" content=\"en_US\" \/>\n<meta property=\"og:type\" content=\"article\" \/>\n<meta property=\"og:title\" content=\"Prote\u00e7\u00e3o. Imagem. - Timescork\" \/>\n<meta property=\"og:description\" content=\"As C\u00e1psulas para Garrafas oferecem uma fun\u00e7\u00e3o de prote\u00e7\u00e3o, veda\u00e7\u00e3o e apresenta\u00e7\u00e3o premium de vinhos, destilados e outras bebidas engarrafadas.  Na Timescork comercializamos c\u00e1psulas para garrafas de alum\u00ednio complexo (ALC) e PVC com diversas caracter\u00edsticas. Apresente-nos o seu prot\u00f3tipo.\" \/>\n<meta property=\"og:url\" content=\"https:\/\/timescork.com\/en\/product\/bottle-caps\/\" \/>\n<meta property=\"og:site_name\" content=\"Timescork\" \/>\n<meta property=\"article:publisher\" content=\"https:\/\/www.facebook.com\/timescork\" \/>\n<meta property=\"article:modified_time\" content=\"2025-02-28T14:55:42+00:00\" \/>\n<meta property=\"og:image\" content=\"https:\/\/timescork.com\/wp-content\/uploads\/IMG_8031-scaled.jpg\" \/>\n\t<meta property=\"og:image:width\" content=\"2560\" \/>\n\t<meta property=\"og:image:height\" content=\"1707\" \/>\n\t<meta property=\"og:image:type\" content=\"image\/jpeg\" \/>\n<meta name=\"twitter:card\" content=\"summary_large_image\" \/>\n<script type=\"application\/ld+json\" class=\"yoast-schema-graph\">{\"@context\":\"https:\/\/schema.org\",\"@graph\":[{\"@type\":\"WebPage\",\"@id\":\"https:\/\/timescork.com\/produto\/capsulas-para-garrafas\/\",\"url\":\"https:\/\/timescork.com\/produto\/capsulas-para-garrafas\/\",\"name\":\"Prote\u00e7\u00e3o. Imagem. - Timescork\",\"isPartOf\":{\"@id\":\"https:\/\/timescork.com\/#website\"},\"primaryImageOfPage\":{\"@id\":\"https:\/\/timescork.com\/produto\/capsulas-para-garrafas\/#primaryimage\"},\"image\":{\"@id\":\"https:\/\/timescork.com\/produto\/capsulas-para-garrafas\/#primaryimage\"},\"thumbnailUrl\":\"https:\/\/timescork.com\/wp-content\/uploads\/IMG_8031-scaled.jpg\",\"datePublished\":\"2025-02-16T23:14:32+00:00\",\"dateModified\":\"2025-02-28T14:55:42+00:00\",\"breadcrumb\":{\"@id\":\"https:\/\/timescork.com\/produto\/capsulas-para-garrafas\/#breadcrumb\"},\"inLanguage\":\"en-US\",\"potentialAction\":[{\"@type\":\"ReadAction\",\"target\":[\"https:\/\/timescork.com\/produto\/capsulas-para-garrafas\/\"]}]},{\"@type\":\"ImageObject\",\"inLanguage\":\"en-US\",\"@id\":\"https:\/\/timescork.com\/produto\/capsulas-para-garrafas\/#primaryimage\",\"url\":\"https:\/\/timescork.com\/wp-content\/uploads\/IMG_8031-scaled.jpg\",\"contentUrl\":\"https:\/\/timescork.com\/wp-content\/uploads\/IMG_8031-scaled.jpg\",\"width\":2560,\"height\":1707},{\"@type\":\"BreadcrumbList\",\"@id\":\"https:\/\/timescork.com\/produto\/capsulas-para-garrafas\/#breadcrumb\",\"itemListElement\":[{\"@type\":\"ListItem\",\"position\":1,\"name\":\"In\u00edcio\",\"item\":\"https:\/\/timescork.com\/\"},{\"@type\":\"ListItem\",\"position\":2,\"name\":\"As nossas Rolhas\",\"item\":\"https:\/\/timescork.com\/?page_id=187\"},{\"@type\":\"ListItem\",\"position\":3,\"name\":\"Prote\u00e7\u00e3o. Imagem.\"}]},{\"@type\":\"WebSite\",\"@id\":\"https:\/\/timescork.com\/#website\",\"url\":\"https:\/\/timescork.com\/\",\"name\":\"Timescork\",\"description\":\"\",\"publisher\":{\"@id\":\"https:\/\/timescork.com\/#organization\"},\"potentialAction\":[{\"@type\":\"SearchAction\",\"target\":{\"@type\":\"EntryPoint\",\"urlTemplate\":\"https:\/\/timescork.com\/?s={search_term_string}\"},\"query-input\":{\"@type\":\"PropertyValueSpecification\",\"valueRequired\":true,\"valueName\":\"search_term_string\"}}],\"inLanguage\":\"en-US\"},{\"@type\":\"Organization\",\"@id\":\"https:\/\/timescork.com\/#organization\",\"name\":\"Timescork - Rolhas & C\u00e1psulas, Lda\",\"url\":\"https:\/\/timescork.com\/\",\"logo\":{\"@type\":\"ImageObject\",\"inLanguage\":\"en-US\",\"@id\":\"https:\/\/timescork.com\/#\/schema\/logo\/image\/\",\"url\":\"https:\/\/timescork.com\/wp-content\/uploads\/logotipo-timescork-original-200x50px.png\",\"contentUrl\":\"https:\/\/timescork.com\/wp-content\/uploads\/logotipo-timescork-original-200x50px.png\",\"width\":200,\"height\":50,\"caption\":\"Timescork - Rolhas & C\u00e1psulas, Lda\"},\"image\":{\"@id\":\"https:\/\/timescork.com\/#\/schema\/logo\/image\/\"},\"sameAs\":[\"https:\/\/www.facebook.com\/timescork\",\"https:\/\/www.instagram.com\/timescork.official\",\"https:\/\/www.linkedin.com\/in\/timescork-rolhas-e-c\u00e1psulas-1b1016220\"]}]}<\/script>\n<!-- \/ Yoast SEO plugin. -->","yoast_head_json":{"title":"Prote\u00e7\u00e3o. Imagem. - Timescork","robots":{"index":"index","follow":"follow","max-snippet":"max-snippet:-1","max-image-preview":"max-image-preview:large","max-video-preview":"max-video-preview:-1"},"canonical":"https:\/\/timescork.com\/en\/product\/bottle-caps\/","og_locale":"en_US","og_type":"article","og_title":"Prote\u00e7\u00e3o. Imagem. - Timescork","og_description":"As C\u00e1psulas para Garrafas oferecem uma fun\u00e7\u00e3o de prote\u00e7\u00e3o, veda\u00e7\u00e3o e apresenta\u00e7\u00e3o premium de vinhos, destilados e outras bebidas engarrafadas.  Na Timescork comercializamos c\u00e1psulas para garrafas de alum\u00ednio complexo (ALC) e PVC com diversas caracter\u00edsticas. Apresente-nos o seu prot\u00f3tipo.","og_url":"https:\/\/timescork.com\/en\/product\/bottle-caps\/","og_site_name":"Timescork","article_publisher":"https:\/\/www.facebook.com\/timescork","article_modified_time":"2025-02-28T14:55:42+00:00","og_image":[{"width":2560,"height":1707,"url":"https:\/\/timescork.com\/wp-content\/uploads\/IMG_8031-scaled.jpg","type":"image\/jpeg"}],"twitter_card":"summary_large_image","schema":{"@context":"https:\/\/schema.org","@graph":[{"@type":"WebPage","@id":"https:\/\/timescork.com\/produto\/capsulas-para-garrafas\/","url":"https:\/\/timescork.com\/produto\/capsulas-para-garrafas\/","name":"Prote\u00e7\u00e3o. Imagem. - Timescork","isPartOf":{"@id":"https:\/\/timescork.com\/#website"},"primaryImageOfPage":{"@id":"https:\/\/timescork.com\/produto\/capsulas-para-garrafas\/#primaryimage"},"image":{"@id":"https:\/\/timescork.com\/produto\/capsulas-para-garrafas\/#primaryimage"},"thumbnailUrl":"https:\/\/timescork.com\/wp-content\/uploads\/IMG_8031-scaled.jpg","datePublished":"2025-02-16T23:14:32+00:00","dateModified":"2025-02-28T14:55:42+00:00","breadcrumb":{"@id":"https:\/\/timescork.com\/produto\/capsulas-para-garrafas\/#breadcrumb"},"inLanguage":"en-US","potentialAction":[{"@type":"ReadAction","target":["https:\/\/timescork.com\/produto\/capsulas-para-garrafas\/"]}]},{"@type":"ImageObject","inLanguage":"en-US","@id":"https:\/\/timescork.com\/produto\/capsulas-para-garrafas\/#primaryimage","url":"https:\/\/timescork.com\/wp-content\/uploads\/IMG_8031-scaled.jpg","contentUrl":"https:\/\/timescork.com\/wp-content\/uploads\/IMG_8031-scaled.jpg","width":2560,"height":1707},{"@type":"BreadcrumbList","@id":"https:\/\/timescork.com\/produto\/capsulas-para-garrafas\/#breadcrumb","itemListElement":[{"@type":"ListItem","position":1,"name":"In\u00edcio","item":"https:\/\/timescork.com\/"},{"@type":"ListItem","position":2,"name":"As nossas Rolhas","item":"https:\/\/timescork.com\/?page_id=187"},{"@type":"ListItem","position":3,"name":"Prote\u00e7\u00e3o. Imagem."}]},{"@type":"WebSite","@id":"https:\/\/timescork.com\/#website","url":"https:\/\/timescork.com\/","name":"Timescork","description":"","publisher":{"@id":"https:\/\/timescork.com\/#organization"},"potentialAction":[{"@type":"SearchAction","target":{"@type":"EntryPoint","urlTemplate":"https:\/\/timescork.com\/?s={search_term_string}"},"query-input":{"@type":"PropertyValueSpecification","valueRequired":true,"valueName":"search_term_string"}}],"inLanguage":"en-US"},{"@type":"Organization","@id":"https:\/\/timescork.com\/#organization","name":"Timescork - Rolhas & C\u00e1psulas, Lda","url":"https:\/\/timescork.com\/","logo":{"@type":"ImageObject","inLanguage":"en-US","@id":"https:\/\/timescork.com\/#\/schema\/logo\/image\/","url":"https:\/\/timescork.com\/wp-content\/uploads\/logotipo-timescork-original-200x50px.png","contentUrl":"https:\/\/timescork.com\/wp-content\/uploads\/logotipo-timescork-original-200x50px.png","width":200,"height":50,"caption":"Timescork - Rolhas & C\u00e1psulas, Lda"},"image":{"@id":"https:\/\/timescork.com\/#\/schema\/logo\/image\/"},"sameAs":["https:\/\/www.facebook.com\/timescork","https:\/\/www.instagram.com\/timescork.official","https:\/\/www.linkedin.com\/in\/timescork-rolhas-e-c\u00e1psulas-1b1016220"]}]}},"_links":{"self":[{"href":"https:\/\/timescork.com\/en\/wp-json\/wp\/v2\/product\/3399","targetHints":{"allow":["GET"]}}],"collection":[{"href":"https:\/\/timescork.com\/en\/wp-json\/wp\/v2\/product"}],"about":[{"href":"https:\/\/timescork.com\/en\/wp-json\/wp\/v2\/types\/product"}],"replies":[{"embeddable":true,"href":"https:\/\/timescork.com\/en\/wp-json\/wp\/v2\/comments?post=3399"}],"wp:featuredmedia":[{"embeddable":true,"href":"https:\/\/timescork.com\/en\/wp-json\/wp\/v2\/media\/3124"}],"wp:attachment":[{"href":"https:\/\/timescork.com\/en\/wp-json\/wp\/v2\/media?parent=3399"}],"curies":[{"name":"wp","href":"https:\/\/api.w.org\/{rel}","templated":true}]}}