{"id":3393,"date":"2025-02-16T22:41:29","date_gmt":"2025-02-16T22:41:29","guid":{"rendered":"https:\/\/timescork.com\/?post_type=product&#038;p=3393"},"modified":"2025-02-17T14:47:53","modified_gmt":"2025-02-17T14:47:53","slug":"rolhas-tecnicas","status":"publish","type":"product","link":"https:\/\/timescork.com\/en\/product\/technical-stoppers\/","title":{"rendered":"Sustainability. Performance."},"content":{"rendered":"<div id=\"rolhasnaturaisprime\" data-vc-full-width=\"true\" data-vc-full-width-init=\"false\" class=\"vc_row wpb_row vc_row-fluid vc_custom_1634912232611 vc_row-has-fill\"><div class=\"wpb_column vc_column_container vc_col-sm-6\"><div class=\"vc_column-inner\"><div class=\"wpb_wrapper\">\n\t<div class=\"title-subtitle-box\" style=\" text-align: left;\">\n\t\t<p style=\"\">1+1 TECHNICAL STOPPERS<\/p>\n\t\t<h1 style=\" font-style: normal;\">Tradition. Technology for a stable seal.<\/h1>\n\t<\/div> \n\t<div class=\"wpb_text_column wpb_content_element  vc_custom_1739758354508\">\n\t\t<div class=\"wpb_wrapper\">\n\t\t\t<p>1+1 technical stoppers are a solution that combines the authenticity of natural cork with the efficiency of its agglomerated or micro-agglomerated cork body.<\/p>\n<p>Designed to ensure a reliable seal and control of micro-oxygenation, 1+1 stoppers are suitable for different types of wine, preserving the quality and balanced evolution of the bottled product.<\/p>\n<p style=\"margin-top: 50px;\">View Datasheet \"<\/p>\n\n\t\t<\/div>\n\t<\/div>\n<\/div><\/div><\/div><div class=\"wpb_column vc_column_container vc_col-sm-6\"><div class=\"vc_column-inner\"><div class=\"wpb_wrapper\">\n\t<div class=\"wpb_single_image wpb_content_element vc_align_left  vc_custom_1739746689513\">\n\t\t\n\t\t<figure class=\"wpb_wrapper vc_figure\">\n\t\t\t<div class=\"vc_single_image-wrapper   vc_box_border_grey\"><img loading=\"lazy\" decoding=\"async\" width=\"1200\" height=\"799\" src=\"https:\/\/timescork.com\/wp-content\/uploads\/timescork-rolhastecnicas-1-mais-1.png\" class=\"vc_single_image-img attachment-full\" alt=\"\" srcset=\"https:\/\/timescork.com\/wp-content\/uploads\/timescork-rolhastecnicas-1-mais-1.png 1200w, https:\/\/timescork.com\/wp-content\/uploads\/timescork-rolhastecnicas-1-mais-1-300x200.png 300w, https:\/\/timescork.com\/wp-content\/uploads\/timescork-rolhastecnicas-1-mais-1-1024x682.png 1024w, https:\/\/timescork.com\/wp-content\/uploads\/timescork-rolhastecnicas-1-mais-1-768x511.png 768w\" sizes=\"auto, (max-width: 1200px) 100vw, 1200px\"><\/div>\n\t\t<\/figure>\n\t<\/div>\n<\/div><\/div><\/div><\/div><div class=\"vc_row-full-width vc_clearfix\"><\/div><div class=\"vc_row wpb_row vc_row-fluid vc_custom_1634912365226\"><div class=\"wpb_column vc_column_container vc_col-sm-6\"><div class=\"vc_column-inner\"><div class=\"wpb_wrapper\">\n\t<div class=\"wpb_single_image wpb_content_element vc_align_left  vc_custom_1739746774416\">\n\t\t\n\t\t<figure class=\"wpb_wrapper vc_figure\">\n\t\t\t<div class=\"vc_single_image-wrapper   vc_box_border_grey\"><img loading=\"lazy\" decoding=\"async\" width=\"1024\" height=\"683\" src=\"https:\/\/timescork.com\/wp-content\/uploads\/timescork-rolhas-aglomeradas.png\" class=\"vc_single_image-img attachment-full\" alt=\"\" srcset=\"https:\/\/timescork.com\/wp-content\/uploads\/timescork-rolhas-aglomeradas.png 1024w, https:\/\/timescork.com\/wp-content\/uploads\/timescork-rolhas-aglomeradas-300x200.png 300w\" sizes=\"auto, (max-width: 1024px) 100vw, 1024px\"><\/div>\n\t\t<\/figure>\n\t<\/div>\n<div class=\"vc_empty_space\" style=\"height: 96px\"><span class=\"vc_empty_space_inner\"><\/span><\/div><\/div><\/div><\/div><div class=\"wpb_column vc_column_container vc_col-sm-6\"><div class=\"vc_column-inner\"><div class=\"wpb_wrapper\">\n\t<div class=\"title-subtitle-box\" style=\" text-align: left;\">\n\t\t<p style=\"\">AGGLOMERATED STOPPERS<\/p>\n\t\t<h1 style=\" font-style: normal;\">Homogeneity. Competitive advantage.<\/h1>\n\t<\/div> \n\t<div class=\"wpb_text_column wpb_content_element\">\n\t\t<div class=\"wpb_wrapper\">\n\t\t\t<p>Agglomerated stoppers are a versatile and affordable solution for bottling fast-moving wines. They ensure an efficient seal and good performance for fast-drinking wines and other food products such as olive oil.<\/p>\n<p style=\"margin-top: 50px;\">View Datasheet \"<\/p>\n\n\t\t<\/div>\n\t<\/div>\n<\/div><\/div><\/div><\/div>","protected":false},"excerpt":{"rendered":"<p>Micro-Agglomerated stoppers are already the choice of many winemakers for bottling wines from the most diverse ranges. Made from selected particles of natural cork, they combine advanced technology and tradition to offer a reliable and secure seal.<\/p>\n<p>They are the ideal solution for those looking for efficient sealing, sensory control and sustainability when bottling their wines, spirits and other beverages.<\/p>","protected":false},"featured_media":3209,"comment_status":"closed","ping_status":"closed","template":"","meta":{"_monsterinsights_skip_tracking":false,"_monsterinsights_sitenote_active":false,"_monsterinsights_sitenote_note":"","_monsterinsights_sitenote_category":0},"class_list":["post-3393","product","type-product","status-publish","has-post-thumbnail","hentry","product_cat-rolhas-tecnicas"],"yoast_head":"<!-- This site is optimized with the Yoast SEO plugin v24.3 - https:\/\/yoast.com\/wordpress\/plugins\/seo\/ -->\n<title>Sustentabilidade. Performance. - Timescork<\/title>\n<meta name=\"robots\" content=\"index, follow, max-snippet:-1, max-image-preview:large, max-video-preview:-1\" \/>\n<link rel=\"canonical\" href=\"https:\/\/timescork.com\/en\/product\/technical-stoppers\/\" \/>\n<meta property=\"og:locale\" content=\"en_US\" \/>\n<meta property=\"og:type\" content=\"article\" \/>\n<meta property=\"og:title\" content=\"Sustentabilidade. Performance. - Timescork\" \/>\n<meta property=\"og:description\" content=\"As rolhas microaglomeradas s\u00e3o j\u00e1 a escolha de muitos en\u00f3logos para o engarrafamento de vinhos das mais diversas gamas. Fabricadas a partir de part\u00edculas selecionadas de corti\u00e7a natural, elas combinam tecnologia avan\u00e7ada e tradi\u00e7\u00e3o para oferecer uma veda\u00e7\u00e3o confi\u00e1vel e segura.  S\u00e3o a solu\u00e7\u00e3o ideal para quem procura uma veda\u00e7\u00e3o eficiente, controlo sensorial e sustentabilidade no engarrafamento dos seus vinhos, destilados e outras bebidas.\" \/>\n<meta property=\"og:url\" content=\"https:\/\/timescork.com\/en\/product\/technical-stoppers\/\" \/>\n<meta property=\"og:site_name\" content=\"Timescork\" \/>\n<meta property=\"article:publisher\" content=\"https:\/\/www.facebook.com\/timescork\" \/>\n<meta property=\"article:modified_time\" content=\"2025-02-17T14:47:53+00:00\" \/>\n<meta property=\"og:image\" content=\"https:\/\/timescork.com\/wp-content\/uploads\/timescork-rolhas-micro-aglomeradas-1.png\" \/>\n\t<meta property=\"og:image:width\" content=\"1200\" \/>\n\t<meta property=\"og:image:height\" content=\"800\" \/>\n\t<meta property=\"og:image:type\" content=\"image\/png\" \/>\n<meta name=\"twitter:card\" content=\"summary_large_image\" \/>\n<script type=\"application\/ld+json\" class=\"yoast-schema-graph\">{\"@context\":\"https:\/\/schema.org\",\"@graph\":[{\"@type\":\"WebPage\",\"@id\":\"https:\/\/timescork.com\/produto\/rolhas-tecnicas\/\",\"url\":\"https:\/\/timescork.com\/produto\/rolhas-tecnicas\/\",\"name\":\"Sustentabilidade. Performance. - Timescork\",\"isPartOf\":{\"@id\":\"https:\/\/timescork.com\/#website\"},\"primaryImageOfPage\":{\"@id\":\"https:\/\/timescork.com\/produto\/rolhas-tecnicas\/#primaryimage\"},\"image\":{\"@id\":\"https:\/\/timescork.com\/produto\/rolhas-tecnicas\/#primaryimage\"},\"thumbnailUrl\":\"https:\/\/timescork.com\/wp-content\/uploads\/timescork-rolhas-micro-aglomeradas-1.png\",\"datePublished\":\"2025-02-16T22:41:29+00:00\",\"dateModified\":\"2025-02-17T14:47:53+00:00\",\"breadcrumb\":{\"@id\":\"https:\/\/timescork.com\/produto\/rolhas-tecnicas\/#breadcrumb\"},\"inLanguage\":\"en-US\",\"potentialAction\":[{\"@type\":\"ReadAction\",\"target\":[\"https:\/\/timescork.com\/produto\/rolhas-tecnicas\/\"]}]},{\"@type\":\"ImageObject\",\"inLanguage\":\"en-US\",\"@id\":\"https:\/\/timescork.com\/produto\/rolhas-tecnicas\/#primaryimage\",\"url\":\"https:\/\/timescork.com\/wp-content\/uploads\/timescork-rolhas-micro-aglomeradas-1.png\",\"contentUrl\":\"https:\/\/timescork.com\/wp-content\/uploads\/timescork-rolhas-micro-aglomeradas-1.png\",\"width\":1200,\"height\":800},{\"@type\":\"BreadcrumbList\",\"@id\":\"https:\/\/timescork.com\/produto\/rolhas-tecnicas\/#breadcrumb\",\"itemListElement\":[{\"@type\":\"ListItem\",\"position\":1,\"name\":\"In\u00edcio\",\"item\":\"https:\/\/timescork.com\/\"},{\"@type\":\"ListItem\",\"position\":2,\"name\":\"As nossas Rolhas\",\"item\":\"https:\/\/timescork.com\/?page_id=187\"},{\"@type\":\"ListItem\",\"position\":3,\"name\":\"Sustentabilidade. Performance.\"}]},{\"@type\":\"WebSite\",\"@id\":\"https:\/\/timescork.com\/#website\",\"url\":\"https:\/\/timescork.com\/\",\"name\":\"Timescork\",\"description\":\"\",\"publisher\":{\"@id\":\"https:\/\/timescork.com\/#organization\"},\"potentialAction\":[{\"@type\":\"SearchAction\",\"target\":{\"@type\":\"EntryPoint\",\"urlTemplate\":\"https:\/\/timescork.com\/?s={search_term_string}\"},\"query-input\":{\"@type\":\"PropertyValueSpecification\",\"valueRequired\":true,\"valueName\":\"search_term_string\"}}],\"inLanguage\":\"en-US\"},{\"@type\":\"Organization\",\"@id\":\"https:\/\/timescork.com\/#organization\",\"name\":\"Timescork - Rolhas & C\u00e1psulas, Lda\",\"url\":\"https:\/\/timescork.com\/\",\"logo\":{\"@type\":\"ImageObject\",\"inLanguage\":\"en-US\",\"@id\":\"https:\/\/timescork.com\/#\/schema\/logo\/image\/\",\"url\":\"https:\/\/timescork.com\/wp-content\/uploads\/logotipo-timescork-original-200x50px.png\",\"contentUrl\":\"https:\/\/timescork.com\/wp-content\/uploads\/logotipo-timescork-original-200x50px.png\",\"width\":200,\"height\":50,\"caption\":\"Timescork - Rolhas & C\u00e1psulas, Lda\"},\"image\":{\"@id\":\"https:\/\/timescork.com\/#\/schema\/logo\/image\/\"},\"sameAs\":[\"https:\/\/www.facebook.com\/timescork\",\"https:\/\/www.instagram.com\/timescork.official\",\"https:\/\/www.linkedin.com\/in\/timescork-rolhas-e-c\u00e1psulas-1b1016220\"]}]}<\/script>\n<!-- \/ Yoast SEO plugin. -->","yoast_head_json":{"title":"Sustentabilidade. Performance. - Timescork","robots":{"index":"index","follow":"follow","max-snippet":"max-snippet:-1","max-image-preview":"max-image-preview:large","max-video-preview":"max-video-preview:-1"},"canonical":"https:\/\/timescork.com\/en\/product\/technical-stoppers\/","og_locale":"en_US","og_type":"article","og_title":"Sustentabilidade. Performance. - Timescork","og_description":"As rolhas microaglomeradas s\u00e3o j\u00e1 a escolha de muitos en\u00f3logos para o engarrafamento de vinhos das mais diversas gamas. Fabricadas a partir de part\u00edculas selecionadas de corti\u00e7a natural, elas combinam tecnologia avan\u00e7ada e tradi\u00e7\u00e3o para oferecer uma veda\u00e7\u00e3o confi\u00e1vel e segura.  S\u00e3o a solu\u00e7\u00e3o ideal para quem procura uma veda\u00e7\u00e3o eficiente, controlo sensorial e sustentabilidade no engarrafamento dos seus vinhos, destilados e outras bebidas.","og_url":"https:\/\/timescork.com\/en\/product\/technical-stoppers\/","og_site_name":"Timescork","article_publisher":"https:\/\/www.facebook.com\/timescork","article_modified_time":"2025-02-17T14:47:53+00:00","og_image":[{"width":1200,"height":800,"url":"https:\/\/timescork.com\/wp-content\/uploads\/timescork-rolhas-micro-aglomeradas-1.png","type":"image\/png"}],"twitter_card":"summary_large_image","schema":{"@context":"https:\/\/schema.org","@graph":[{"@type":"WebPage","@id":"https:\/\/timescork.com\/produto\/rolhas-tecnicas\/","url":"https:\/\/timescork.com\/produto\/rolhas-tecnicas\/","name":"Sustentabilidade. Performance. - Timescork","isPartOf":{"@id":"https:\/\/timescork.com\/#website"},"primaryImageOfPage":{"@id":"https:\/\/timescork.com\/produto\/rolhas-tecnicas\/#primaryimage"},"image":{"@id":"https:\/\/timescork.com\/produto\/rolhas-tecnicas\/#primaryimage"},"thumbnailUrl":"https:\/\/timescork.com\/wp-content\/uploads\/timescork-rolhas-micro-aglomeradas-1.png","datePublished":"2025-02-16T22:41:29+00:00","dateModified":"2025-02-17T14:47:53+00:00","breadcrumb":{"@id":"https:\/\/timescork.com\/produto\/rolhas-tecnicas\/#breadcrumb"},"inLanguage":"en-US","potentialAction":[{"@type":"ReadAction","target":["https:\/\/timescork.com\/produto\/rolhas-tecnicas\/"]}]},{"@type":"ImageObject","inLanguage":"en-US","@id":"https:\/\/timescork.com\/produto\/rolhas-tecnicas\/#primaryimage","url":"https:\/\/timescork.com\/wp-content\/uploads\/timescork-rolhas-micro-aglomeradas-1.png","contentUrl":"https:\/\/timescork.com\/wp-content\/uploads\/timescork-rolhas-micro-aglomeradas-1.png","width":1200,"height":800},{"@type":"BreadcrumbList","@id":"https:\/\/timescork.com\/produto\/rolhas-tecnicas\/#breadcrumb","itemListElement":[{"@type":"ListItem","position":1,"name":"In\u00edcio","item":"https:\/\/timescork.com\/"},{"@type":"ListItem","position":2,"name":"As nossas Rolhas","item":"https:\/\/timescork.com\/?page_id=187"},{"@type":"ListItem","position":3,"name":"Sustentabilidade. Performance."}]},{"@type":"WebSite","@id":"https:\/\/timescork.com\/#website","url":"https:\/\/timescork.com\/","name":"Timescork","description":"","publisher":{"@id":"https:\/\/timescork.com\/#organization"},"potentialAction":[{"@type":"SearchAction","target":{"@type":"EntryPoint","urlTemplate":"https:\/\/timescork.com\/?s={search_term_string}"},"query-input":{"@type":"PropertyValueSpecification","valueRequired":true,"valueName":"search_term_string"}}],"inLanguage":"en-US"},{"@type":"Organization","@id":"https:\/\/timescork.com\/#organization","name":"Timescork - Rolhas & C\u00e1psulas, Lda","url":"https:\/\/timescork.com\/","logo":{"@type":"ImageObject","inLanguage":"en-US","@id":"https:\/\/timescork.com\/#\/schema\/logo\/image\/","url":"https:\/\/timescork.com\/wp-content\/uploads\/logotipo-timescork-original-200x50px.png","contentUrl":"https:\/\/timescork.com\/wp-content\/uploads\/logotipo-timescork-original-200x50px.png","width":200,"height":50,"caption":"Timescork - Rolhas & C\u00e1psulas, Lda"},"image":{"@id":"https:\/\/timescork.com\/#\/schema\/logo\/image\/"},"sameAs":["https:\/\/www.facebook.com\/timescork","https:\/\/www.instagram.com\/timescork.official","https:\/\/www.linkedin.com\/in\/timescork-rolhas-e-c\u00e1psulas-1b1016220"]}]}},"_links":{"self":[{"href":"https:\/\/timescork.com\/en\/wp-json\/wp\/v2\/product\/3393","targetHints":{"allow":["GET"]}}],"collection":[{"href":"https:\/\/timescork.com\/en\/wp-json\/wp\/v2\/product"}],"about":[{"href":"https:\/\/timescork.com\/en\/wp-json\/wp\/v2\/types\/product"}],"replies":[{"embeddable":true,"href":"https:\/\/timescork.com\/en\/wp-json\/wp\/v2\/comments?post=3393"}],"wp:featuredmedia":[{"embeddable":true,"href":"https:\/\/timescork.com\/en\/wp-json\/wp\/v2\/media\/3209"}],"wp:attachment":[{"href":"https:\/\/timescork.com\/en\/wp-json\/wp\/v2\/media?parent=3393"}],"curies":[{"name":"wp","href":"https:\/\/api.w.org\/{rel}","templated":true}]}}