{"id":2791,"date":"2021-10-20T14:21:37","date_gmt":"2021-10-20T13:21:37","guid":{"rendered":"https:\/\/timescork.com\/?post_type=product&#038;p=2791"},"modified":"2025-02-28T14:56:55","modified_gmt":"2025-02-28T14:56:55","slug":"rolhas-naturais","status":"publish","type":"product","link":"https:\/\/timescork.com\/en\/product\/natural-corks\/","title":{"rendered":"Unique properties. Perfect balance."},"content":{"rendered":"<div id=\"rolhasnaturaisprime\" data-vc-full-width=\"true\" data-vc-full-width-init=\"false\" class=\"vc_row wpb_row vc_row-fluid vc_custom_1634912232611 vc_row-has-fill\"><div class=\"wpb_column vc_column_container vc_col-sm-6\"><div class=\"vc_column-inner\"><div class=\"wpb_wrapper\">\n\t<div class=\"title-subtitle-box\" style=\" text-align: left;\">\n\t\t<h1 style=\" font-style: normal;\">Natural corks<\/h1>\n\t<\/div> \n\t<div class=\"wpb_text_column wpb_content_element  vc_custom_1739803852212\">\n\t\t<div class=\"wpb_wrapper\">\n\t\t\t<p>Natural corks are the most traditional and noble option for sealing any type of wine.<\/p>\n<p>Extracted from a single piece of natural cork, they guarantee efficient sealing and control of micro-oxygenation, allowing the wine to evolve harmoniously over time.<\/p>\n<p>These natural cork stoppers ensure the perfect balance for wines of greater complexity, guaranteeing the perfect evolution of their varietal character and the formation of the much-appreciated bouquet.<\/p>\n<p style=\"margin-top: 50px;\"><a class=\"b-ficatecnica\" href=\"https:\/\/timescork.com\/wp-content\/uploads\/Timescork-Rolhas-Naturais-PT-.pdf\" data-umami-event=\"link:Ver Ficha T\u00e9cnica \u00bb\" data-umami-event-url=\"https:\/\/timescork.com\/wp-content\/uploads\/Timescork-Rolhas-Naturais-PT-.pdf\">View Datasheet \"<\/a><\/p>\n\n\t\t<\/div>\n\t<\/div>\n<\/div><\/div><\/div><div class=\"wpb_column vc_column_container vc_col-sm-6\"><div class=\"vc_column-inner\"><div class=\"wpb_wrapper\">\n\t<div class=\"wpb_single_image wpb_content_element vc_align_left  vc_custom_1739803780163\">\n\t\t\n\t\t<figure class=\"wpb_wrapper vc_figure\">\n\t\t\t<div class=\"vc_single_image-wrapper   vc_box_border_grey\"><img loading=\"lazy\" decoding=\"async\" width=\"1200\" height=\"799\" src=\"https:\/\/timescork.com\/wp-content\/uploads\/timescork-rolhas-naturais-1.png\" class=\"vc_single_image-img attachment-full\" alt=\"\" srcset=\"https:\/\/timescork.com\/wp-content\/uploads\/timescork-rolhas-naturais-1.png 1200w, https:\/\/timescork.com\/wp-content\/uploads\/timescork-rolhas-naturais-1-300x200.png 300w, https:\/\/timescork.com\/wp-content\/uploads\/timescork-rolhas-naturais-1-1024x682.png 1024w, https:\/\/timescork.com\/wp-content\/uploads\/timescork-rolhas-naturais-1-768x511.png 768w\" sizes=\"auto, (max-width: 1200px) 100vw, 1200px\"><\/div>\n\t\t<\/figure>\n\t<\/div>\n<\/div><\/div><\/div><\/div><div class=\"vc_row-full-width vc_clearfix\"><\/div><div class=\"vc_row wpb_row vc_row-fluid vc_custom_1634912365226\"><div class=\"wpb_column vc_column_container vc_col-sm-6\"><div class=\"vc_column-inner\"><div class=\"wpb_wrapper\">\n\t<div class=\"wpb_single_image wpb_content_element vc_align_left  vc_custom_1739803826903\">\n\t\t\n\t\t<figure class=\"wpb_wrapper vc_figure\">\n\t\t\t<div class=\"vc_single_image-wrapper   vc_box_border_grey\"><img loading=\"lazy\" decoding=\"async\" width=\"1200\" height=\"799\" src=\"https:\/\/timescork.com\/wp-content\/uploads\/timescork-rolhas-naturais-colmatadas-1.png\" class=\"vc_single_image-img attachment-full\" alt=\"\" srcset=\"https:\/\/timescork.com\/wp-content\/uploads\/timescork-rolhas-naturais-colmatadas-1.png 1200w, https:\/\/timescork.com\/wp-content\/uploads\/timescork-rolhas-naturais-colmatadas-1-300x200.png 300w, https:\/\/timescork.com\/wp-content\/uploads\/timescork-rolhas-naturais-colmatadas-1-1024x682.png 1024w, https:\/\/timescork.com\/wp-content\/uploads\/timescork-rolhas-naturais-colmatadas-1-768x511.png 768w\" sizes=\"auto, (max-width: 1200px) 100vw, 1200px\"><\/div>\n\t\t<\/figure>\n\t<\/div>\n<div class=\"vc_empty_space\" style=\"height: 96px\"><span class=\"vc_empty_space_inner\"><\/span><\/div><\/div><\/div><\/div><div class=\"wpb_column vc_column_container vc_col-sm-6\"><div class=\"vc_column-inner\"><div class=\"wpb_wrapper\">\n\t<div class=\"title-subtitle-box\" style=\" text-align: left;\">\n\t\t<h1 style=\" font-style: normal;\">Colmated corks<\/h1>\n\t<\/div> \n\t<div class=\"wpb_text_column wpb_content_element\">\n\t\t<div class=\"wpb_wrapper\">\n\t\t\t<p>Colmated stoppers combine tradition, performance and aesthetics. They are made from natural cork and undergo a special colmation process in which their pores are filled with fine cork particles.<\/p>\n<p>It is a structural process that improves the visual characteristics of the product as well as its sealing capacity for preserving the wine.<\/p>\n<p style=\"margin-top: 50px;\"><a class=\"b-ficatecnica\" href=\"https:\/\/timescork.com\/wp-content\/uploads\/Timescork-Rolhas-Naturais-Colmatadas-PT.pdf\" data-umami-event=\"link:Ver Ficha T\u00e9cnica \u00bb\" data-umami-event-url=\"https:\/\/timescork.com\/wp-content\/uploads\/Timescork-Rolhas-Naturais-Colmatadas-PT.pdf\">View Datasheet \"<\/a><\/p>\n\n\t\t<\/div>\n\t<\/div>\n<\/div><\/div><\/div><\/div>","protected":false},"excerpt":{"rendered":"<p>The combination of its unique and unparalleled properties, performance, quality and sustainability make 100% natural cork stoppers the product that adds the most value to the conservation and longevity of wines, as well as to environmental conservation and the maintenance of ecosystems.<\/p>","protected":false},"featured_media":3086,"comment_status":"closed","ping_status":"closed","template":"","meta":{"_monsterinsights_skip_tracking":false,"_monsterinsights_sitenote_active":false,"_monsterinsights_sitenote_note":"","_monsterinsights_sitenote_category":0},"class_list":["post-2791","product","type-product","status-publish","has-post-thumbnail","hentry","product_cat-rolhas-naturais"],"yoast_head":"<!-- This site is optimized with the Yoast SEO plugin v24.3 - https:\/\/yoast.com\/wordpress\/plugins\/seo\/ -->\n<title>Propriedades \u00fanicas. Equil\u00edbrio perfeito. - Timescork<\/title>\n<meta name=\"robots\" content=\"index, follow, max-snippet:-1, max-image-preview:large, max-video-preview:-1\" \/>\n<link rel=\"canonical\" href=\"https:\/\/timescork.com\/en\/product\/natural-corks\/\" \/>\n<meta property=\"og:locale\" content=\"en_US\" \/>\n<meta property=\"og:type\" content=\"article\" \/>\n<meta property=\"og:title\" content=\"Propriedades \u00fanicas. Equil\u00edbrio perfeito. - Timescork\" \/>\n<meta property=\"og:description\" content=\"A combina\u00e7\u00e3o entre as suas propriedades \u00fanicas e inigual\u00e1veis, desempenho, qualidade e sustentabilidade, fazem das rolhas de corti\u00e7a 100% natural, o produto que maior valor acrescenta na conserva\u00e7\u00e3o e longevidade dos vinhos, bem como na conserva\u00e7\u00e3o do ambiente e manuten\u00e7\u00e3o dos ecossistemas.\" \/>\n<meta property=\"og:url\" content=\"https:\/\/timescork.com\/en\/product\/natural-corks\/\" \/>\n<meta property=\"og:site_name\" content=\"Timescork\" \/>\n<meta property=\"article:publisher\" content=\"https:\/\/www.facebook.com\/timescork\" \/>\n<meta property=\"article:modified_time\" content=\"2025-02-28T14:56:55+00:00\" \/>\n<meta property=\"og:image\" content=\"https:\/\/timescork.com\/wp-content\/uploads\/DSC07977-scaled.jpg\" \/>\n\t<meta property=\"og:image:width\" content=\"2560\" \/>\n\t<meta property=\"og:image:height\" content=\"1707\" \/>\n\t<meta property=\"og:image:type\" content=\"image\/jpeg\" \/>\n<meta name=\"twitter:card\" content=\"summary_large_image\" \/>\n<script type=\"application\/ld+json\" class=\"yoast-schema-graph\">{\"@context\":\"https:\/\/schema.org\",\"@graph\":[{\"@type\":\"WebPage\",\"@id\":\"https:\/\/timescork.com\/produto\/rolhas-naturais\/\",\"url\":\"https:\/\/timescork.com\/produto\/rolhas-naturais\/\",\"name\":\"Propriedades \u00fanicas. Equil\u00edbrio perfeito. - Timescork\",\"isPartOf\":{\"@id\":\"https:\/\/timescork.com\/#website\"},\"primaryImageOfPage\":{\"@id\":\"https:\/\/timescork.com\/produto\/rolhas-naturais\/#primaryimage\"},\"image\":{\"@id\":\"https:\/\/timescork.com\/produto\/rolhas-naturais\/#primaryimage\"},\"thumbnailUrl\":\"https:\/\/timescork.com\/wp-content\/uploads\/DSC07977-scaled.jpg\",\"datePublished\":\"2021-10-20T13:21:37+00:00\",\"dateModified\":\"2025-02-28T14:56:55+00:00\",\"breadcrumb\":{\"@id\":\"https:\/\/timescork.com\/produto\/rolhas-naturais\/#breadcrumb\"},\"inLanguage\":\"en-US\",\"potentialAction\":[{\"@type\":\"ReadAction\",\"target\":[\"https:\/\/timescork.com\/produto\/rolhas-naturais\/\"]}]},{\"@type\":\"ImageObject\",\"inLanguage\":\"en-US\",\"@id\":\"https:\/\/timescork.com\/produto\/rolhas-naturais\/#primaryimage\",\"url\":\"https:\/\/timescork.com\/wp-content\/uploads\/DSC07977-scaled.jpg\",\"contentUrl\":\"https:\/\/timescork.com\/wp-content\/uploads\/DSC07977-scaled.jpg\",\"width\":2560,\"height\":1707},{\"@type\":\"BreadcrumbList\",\"@id\":\"https:\/\/timescork.com\/produto\/rolhas-naturais\/#breadcrumb\",\"itemListElement\":[{\"@type\":\"ListItem\",\"position\":1,\"name\":\"In\u00edcio\",\"item\":\"https:\/\/timescork.com\/\"},{\"@type\":\"ListItem\",\"position\":2,\"name\":\"As nossas Rolhas\",\"item\":\"https:\/\/timescork.com\/?page_id=187\"},{\"@type\":\"ListItem\",\"position\":3,\"name\":\"Propriedades \u00fanicas. Equil\u00edbrio perfeito.\"}]},{\"@type\":\"WebSite\",\"@id\":\"https:\/\/timescork.com\/#website\",\"url\":\"https:\/\/timescork.com\/\",\"name\":\"Timescork\",\"description\":\"\",\"publisher\":{\"@id\":\"https:\/\/timescork.com\/#organization\"},\"potentialAction\":[{\"@type\":\"SearchAction\",\"target\":{\"@type\":\"EntryPoint\",\"urlTemplate\":\"https:\/\/timescork.com\/?s={search_term_string}\"},\"query-input\":{\"@type\":\"PropertyValueSpecification\",\"valueRequired\":true,\"valueName\":\"search_term_string\"}}],\"inLanguage\":\"en-US\"},{\"@type\":\"Organization\",\"@id\":\"https:\/\/timescork.com\/#organization\",\"name\":\"Timescork - Rolhas & C\u00e1psulas, Lda\",\"url\":\"https:\/\/timescork.com\/\",\"logo\":{\"@type\":\"ImageObject\",\"inLanguage\":\"en-US\",\"@id\":\"https:\/\/timescork.com\/#\/schema\/logo\/image\/\",\"url\":\"https:\/\/timescork.com\/wp-content\/uploads\/logotipo-timescork-original-200x50px.png\",\"contentUrl\":\"https:\/\/timescork.com\/wp-content\/uploads\/logotipo-timescork-original-200x50px.png\",\"width\":200,\"height\":50,\"caption\":\"Timescork - Rolhas & C\u00e1psulas, Lda\"},\"image\":{\"@id\":\"https:\/\/timescork.com\/#\/schema\/logo\/image\/\"},\"sameAs\":[\"https:\/\/www.facebook.com\/timescork\",\"https:\/\/www.instagram.com\/timescork.official\",\"https:\/\/www.linkedin.com\/in\/timescork-rolhas-e-c\u00e1psulas-1b1016220\"]}]}<\/script>\n<!-- \/ Yoast SEO plugin. -->","yoast_head_json":{"title":"Propriedades \u00fanicas. Equil\u00edbrio perfeito. - Timescork","robots":{"index":"index","follow":"follow","max-snippet":"max-snippet:-1","max-image-preview":"max-image-preview:large","max-video-preview":"max-video-preview:-1"},"canonical":"https:\/\/timescork.com\/en\/product\/natural-corks\/","og_locale":"en_US","og_type":"article","og_title":"Propriedades \u00fanicas. Equil\u00edbrio perfeito. - Timescork","og_description":"A combina\u00e7\u00e3o entre as suas propriedades \u00fanicas e inigual\u00e1veis, desempenho, qualidade e sustentabilidade, fazem das rolhas de corti\u00e7a 100% natural, o produto que maior valor acrescenta na conserva\u00e7\u00e3o e longevidade dos vinhos, bem como na conserva\u00e7\u00e3o do ambiente e manuten\u00e7\u00e3o dos ecossistemas.","og_url":"https:\/\/timescork.com\/en\/product\/natural-corks\/","og_site_name":"Timescork","article_publisher":"https:\/\/www.facebook.com\/timescork","article_modified_time":"2025-02-28T14:56:55+00:00","og_image":[{"width":2560,"height":1707,"url":"https:\/\/timescork.com\/wp-content\/uploads\/DSC07977-scaled.jpg","type":"image\/jpeg"}],"twitter_card":"summary_large_image","schema":{"@context":"https:\/\/schema.org","@graph":[{"@type":"WebPage","@id":"https:\/\/timescork.com\/produto\/rolhas-naturais\/","url":"https:\/\/timescork.com\/produto\/rolhas-naturais\/","name":"Propriedades \u00fanicas. Equil\u00edbrio perfeito. - Timescork","isPartOf":{"@id":"https:\/\/timescork.com\/#website"},"primaryImageOfPage":{"@id":"https:\/\/timescork.com\/produto\/rolhas-naturais\/#primaryimage"},"image":{"@id":"https:\/\/timescork.com\/produto\/rolhas-naturais\/#primaryimage"},"thumbnailUrl":"https:\/\/timescork.com\/wp-content\/uploads\/DSC07977-scaled.jpg","datePublished":"2021-10-20T13:21:37+00:00","dateModified":"2025-02-28T14:56:55+00:00","breadcrumb":{"@id":"https:\/\/timescork.com\/produto\/rolhas-naturais\/#breadcrumb"},"inLanguage":"en-US","potentialAction":[{"@type":"ReadAction","target":["https:\/\/timescork.com\/produto\/rolhas-naturais\/"]}]},{"@type":"ImageObject","inLanguage":"en-US","@id":"https:\/\/timescork.com\/produto\/rolhas-naturais\/#primaryimage","url":"https:\/\/timescork.com\/wp-content\/uploads\/DSC07977-scaled.jpg","contentUrl":"https:\/\/timescork.com\/wp-content\/uploads\/DSC07977-scaled.jpg","width":2560,"height":1707},{"@type":"BreadcrumbList","@id":"https:\/\/timescork.com\/produto\/rolhas-naturais\/#breadcrumb","itemListElement":[{"@type":"ListItem","position":1,"name":"In\u00edcio","item":"https:\/\/timescork.com\/"},{"@type":"ListItem","position":2,"name":"As nossas Rolhas","item":"https:\/\/timescork.com\/?page_id=187"},{"@type":"ListItem","position":3,"name":"Propriedades \u00fanicas. Equil\u00edbrio perfeito."}]},{"@type":"WebSite","@id":"https:\/\/timescork.com\/#website","url":"https:\/\/timescork.com\/","name":"Timescork","description":"","publisher":{"@id":"https:\/\/timescork.com\/#organization"},"potentialAction":[{"@type":"SearchAction","target":{"@type":"EntryPoint","urlTemplate":"https:\/\/timescork.com\/?s={search_term_string}"},"query-input":{"@type":"PropertyValueSpecification","valueRequired":true,"valueName":"search_term_string"}}],"inLanguage":"en-US"},{"@type":"Organization","@id":"https:\/\/timescork.com\/#organization","name":"Timescork - Rolhas & C\u00e1psulas, Lda","url":"https:\/\/timescork.com\/","logo":{"@type":"ImageObject","inLanguage":"en-US","@id":"https:\/\/timescork.com\/#\/schema\/logo\/image\/","url":"https:\/\/timescork.com\/wp-content\/uploads\/logotipo-timescork-original-200x50px.png","contentUrl":"https:\/\/timescork.com\/wp-content\/uploads\/logotipo-timescork-original-200x50px.png","width":200,"height":50,"caption":"Timescork - Rolhas & C\u00e1psulas, Lda"},"image":{"@id":"https:\/\/timescork.com\/#\/schema\/logo\/image\/"},"sameAs":["https:\/\/www.facebook.com\/timescork","https:\/\/www.instagram.com\/timescork.official","https:\/\/www.linkedin.com\/in\/timescork-rolhas-e-c\u00e1psulas-1b1016220"]}]}},"_links":{"self":[{"href":"https:\/\/timescork.com\/en\/wp-json\/wp\/v2\/product\/2791","targetHints":{"allow":["GET"]}}],"collection":[{"href":"https:\/\/timescork.com\/en\/wp-json\/wp\/v2\/product"}],"about":[{"href":"https:\/\/timescork.com\/en\/wp-json\/wp\/v2\/types\/product"}],"replies":[{"embeddable":true,"href":"https:\/\/timescork.com\/en\/wp-json\/wp\/v2\/comments?post=2791"}],"wp:featuredmedia":[{"embeddable":true,"href":"https:\/\/timescork.com\/en\/wp-json\/wp\/v2\/media\/3086"}],"wp:attachment":[{"href":"https:\/\/timescork.com\/en\/wp-json\/wp\/v2\/media?parent=2791"}],"curies":[{"name":"wp","href":"https:\/\/api.w.org\/{rel}","templated":true}]}}